{"id":871,"date":"2017-05-09T19:13:53","date_gmt":"2017-05-09T17:13:53","guid":{"rendered":"http:\/\/www.gablitzer.at\/?page_id=871"},"modified":"2020-03-29T17:38:27","modified_gmt":"2020-03-29T15:38:27","slug":"fruehlingsbock","status":"publish","type":"page","link":"https:\/\/www.gablitzer.at\/?page_id=871","title":{"rendered":"Fr\u00fchlingsbock"},"content":{"rendered":"<h4><a href=\"http:\/\/www.gablitzer.at\/wp-content\/uploads\/2017\/05\/GB-03-FRUEHLINGSBOCK17.png\"><img loading=\"lazy\" decoding=\"async\" class=\"alignleft size-medium wp-image-872\" src=\"http:\/\/www.gablitzer.at\/wp-content\/uploads\/2017\/05\/GB-03-FRUEHLINGSBOCK17-82x300.png\" alt=\"\" width=\"82\" height=\"300\" srcset=\"https:\/\/www.gablitzer.at\/wp-content\/uploads\/2017\/05\/GB-03-FRUEHLINGSBOCK17-82x300.png 82w, https:\/\/www.gablitzer.at\/wp-content\/uploads\/2017\/05\/GB-03-FRUEHLINGSBOCK17-800x2913.png 800w, https:\/\/www.gablitzer.at\/wp-content\/uploads\/2017\/05\/GB-03-FRUEHLINGSBOCK17-768x2796.png 768w, https:\/\/www.gablitzer.at\/wp-content\/uploads\/2017\/05\/GB-03-FRUEHLINGSBOCK17-281x1024.png 281w, https:\/\/www.gablitzer.at\/wp-content\/uploads\/2017\/05\/GB-03-FRUEHLINGSBOCK17.png 852w\" sizes=\"auto, (max-width: 82px) 100vw, 82px\" \/><\/a>Unser fein-hopfiger Festbock ist rechtzeitig jetzt, wenn der Wienerwald wieder sein frisches, gr\u00fcnes Bl\u00e4tterkleid anlegt, erh\u00e4ltlich!<\/h4>\n<p>Stw.: 16,5\u00b0P<\/p>\n<p>Alk.: 7%vol<\/p>\n<p>Der Fr\u00fchlingsbock\u00a0wurde weitestgehend auf dem Winterbock-Rezept aufgebaut. Das Besondere an diesem Saison-Bock ist der wunderbar aromatische &#8222;Relax&#8220; &#8211; Hopfen der diesem Gebr\u00e4u Aromen nach\u00a0Kornblumen und Almwiesen bis zu Hibiskus und mehr verleiht. Ein echter Fr\u00fchlings(bote)bock eben.<\/p>\n<p><strong>Preis \/ Flasche:<\/strong><\/p>\n<p>0,33L Einwegflasche mit Kronkork \u20ac 2,50<\/p>\n<h4><strong>Gebinde:<\/strong><\/h4>\n<p>6er-Tr\u00e4ger: \u20ac 15,00 zzgl. \u20ac 0,50 f\u00fcr den Karton-6er-Tr\u00e4ger<\/p>\n<p>24er Karton: \u20ac 60,00, Kiste zzgl. \u20ac 3,00 Leerkistenpfand<\/p>\n<p><em>Die oben angef\u00fchrten Preise verstehen sich inkl. Biersteuer und Mwst.<\/em><\/p>\n","protected":false},"excerpt":{"rendered":"<p>Unser fein-hopfiger Festbock ist rechtzeitig jetzt, wenn der Wienerwald wieder sein frisches, gr\u00fcnes Bl\u00e4tterkleid anlegt, erh\u00e4ltlich! Stw.: 16,5\u00b0P Alk.: 7%vol Der Fr\u00fchlingsbock\u00a0wurde [&hellip;]<\/p>\n","protected":false},"author":1,"featured_media":0,"parent":11,"menu_order":0,"comment_status":"closed","ping_status":"closed","template":"","meta":{"footnotes":""},"class_list":["post-871","page","type-page","status-publish","hentry"],"_links":{"self":[{"href":"https:\/\/www.gablitzer.at\/index.php?rest_route=\/wp\/v2\/pages\/871","targetHints":{"allow":["GET"]}}],"collection":[{"href":"https:\/\/www.gablitzer.at\/index.php?rest_route=\/wp\/v2\/pages"}],"about":[{"href":"https:\/\/www.gablitzer.at\/index.php?rest_route=\/wp\/v2\/types\/page"}],"author":[{"embeddable":true,"href":"https:\/\/www.gablitzer.at\/index.php?rest_route=\/wp\/v2\/users\/1"}],"replies":[{"embeddable":true,"href":"https:\/\/www.gablitzer.at\/index.php?rest_route=%2Fwp%2Fv2%2Fcomments&post=871"}],"version-history":[{"count":16,"href":"https:\/\/www.gablitzer.at\/index.php?rest_route=\/wp\/v2\/pages\/871\/revisions"}],"predecessor-version":[{"id":1201,"href":"https:\/\/www.gablitzer.at\/index.php?rest_route=\/wp\/v2\/pages\/871\/revisions\/1201"}],"up":[{"embeddable":true,"href":"https:\/\/www.gablitzer.at\/index.php?rest_route=\/wp\/v2\/pages\/11"}],"wp:attachment":[{"href":"https:\/\/www.gablitzer.at\/index.php?rest_route=%2Fwp%2Fv2%2Fmedia&parent=871"}],"curies":[{"name":"wp","href":"https:\/\/api.w.org\/{rel}","templated":true}]}}