{"id":85,"date":"2014-08-27T01:16:00","date_gmt":"2014-08-26T23:16:00","guid":{"rendered":"http:\/\/www.gablitzer.at\/?page_id=85"},"modified":"2025-10-02T10:30:00","modified_gmt":"2025-10-02T08:30:00","slug":"impressum","status":"publish","type":"page","link":"https:\/\/www.gablitzer.at\/?page_id=85","title":{"rendered":"Impressum"},"content":{"rendered":"<p><span style=\"color: #003300;\"><strong>Gablitzer Privatbrauerei<br \/>\n<\/strong><\/span><\/p>\n<p>Cetius Mons Braumanufaktur GmbH<\/p>\n<p>3002 Purkersdorf | Linzerstra\u00dfe 61<\/p>\n<p>E. <a href=\"mailto:office@cmbm.beer\">office@cmbm.beer<\/a> | T. +43 664 5483028 | M. +43 664 8520352 | <a title=\"Offizielle Fanpage der Gablitzer Privatbrauerei\" href=\"https:\/\/www.facebook.com\/Gablitzer\" target=\"_blank\" rel=\"noopener noreferrer\">facebook.com\/Gablitzer<\/a><\/p>\n<p>UID: ATU43370507 | FN: 416369h | Gerichtsstandort: Landesgericht St. P\u00f6lten<\/p>\n<p><strong>Kreation:<\/strong><\/p>\n<p style=\"color: #666666; padding-left: 30px;\">Grafik: Wolfgang Krasny<\/p>\n<p style=\"color: #666666; padding-left: 30px;\">Text: Barbara Steiner<\/p>\n<p style=\"color: #666666;\">\n<p style=\"color: #666666;\"><span style=\"color: #000000;\"><strong>Website &#8211; Hosting:<\/strong><\/span><\/p>\n<p style=\"color: #666666; padding-left: 30px;\"><span style=\"color: #333333;\">AustrianOnlines, 3032 Eichgraben<\/span><\/p>\n<p style=\"color: #666666; padding-left: 30px;\"><span style=\"color: #333333;\">www.austrianonlines.at<\/span><\/p>\n<p style=\"color: #666666;\">\n<p style=\"color: #666666;\"><strong><span style=\"color: #000000;\">Haftungsausschluss<\/span><\/strong><\/p>\n<p style=\"color: #666666; padding-left: 30px;\"><span style=\"color: #333333;\">Die Cetius Mons Braumanufaktur GmbH, \u00fcbernimmt keinerlei Gew\u00e4hr hinsichtlich der inhaltlichen Aktualit\u00e4t, Richtigkeit, Genauigkeit, Zuverl\u00e4ssigkeit und Vollst\u00e4ndigkeit der Informationen. Haftungsanspr\u00fcche gegen den Autor wegen Sch\u00e4den materieller oder immaterieller Art, welche aus dem Zugriff oder der Nutzung bzw. Nichtnutzung der ver\u00f6ffentlichten Informationen, durch Missbrauch der Verbindung oder durch technische St\u00f6rungen entstanden sind, werden ausgeschlossen. Alle Angebote sind unverbindlich. Der Autor beh\u00e4lt es sich ausdr\u00fccklich vor, Teile der Seiten oder das gesamte Angebot ohne gesonderte Ank\u00fcndigung zu ver\u00e4ndern, zu erg\u00e4nzen, zu l\u00f6schen oder die Ver\u00f6ffentlichung zeitweise oder endg\u00fcltig einzustellen.<\/span><\/p>\n<p style=\"color: #666666;\">\n<p style=\"color: #666666;\"><strong><span style=\"color: #000000;\">Haftung f\u00fcr Links<\/span><\/strong><\/p>\n<p style=\"color: #666666; padding-left: 30px;\"><span style=\"color: #333333;\">Verweise und Links auf Webseiten Dritter liegen au\u00dferhalb unseres Verantwortungsbereichs. Es wird jegliche Verantwortung f\u00fcr solche Webseiten abgelehnt. Der Zugriff und die Nutzung solcher Webseiten erfolgen auf eigene Gefahr des Nutzers oder der Nutzerin.<\/span><\/p>\n","protected":false},"excerpt":{"rendered":"<p>Gablitzer Privatbrauerei Cetius Mons Braumanufaktur GmbH 3002 Purkersdorf | Linzerstra\u00dfe 61 E. office@cmbm.beer | T. +43 664 5483028 | M. +43 664 [&hellip;]<\/p>\n","protected":false},"author":1,"featured_media":0,"parent":0,"menu_order":0,"comment_status":"closed","ping_status":"open","template":"","meta":{"footnotes":""},"class_list":["post-85","page","type-page","status-publish","hentry"],"_links":{"self":[{"href":"https:\/\/www.gablitzer.at\/index.php?rest_route=\/wp\/v2\/pages\/85","targetHints":{"allow":["GET"]}}],"collection":[{"href":"https:\/\/www.gablitzer.at\/index.php?rest_route=\/wp\/v2\/pages"}],"about":[{"href":"https:\/\/www.gablitzer.at\/index.php?rest_route=\/wp\/v2\/types\/page"}],"author":[{"embeddable":true,"href":"https:\/\/www.gablitzer.at\/index.php?rest_route=\/wp\/v2\/users\/1"}],"replies":[{"embeddable":true,"href":"https:\/\/www.gablitzer.at\/index.php?rest_route=%2Fwp%2Fv2%2Fcomments&post=85"}],"version-history":[{"count":18,"href":"https:\/\/www.gablitzer.at\/index.php?rest_route=\/wp\/v2\/pages\/85\/revisions"}],"predecessor-version":[{"id":1507,"href":"https:\/\/www.gablitzer.at\/index.php?rest_route=\/wp\/v2\/pages\/85\/revisions\/1507"}],"wp:attachment":[{"href":"https:\/\/www.gablitzer.at\/index.php?rest_route=%2Fwp%2Fv2%2Fmedia&parent=85"}],"curies":[{"name":"wp","href":"https:\/\/api.w.org\/{rel}","templated":true}]}}