{"id":75,"date":"2014-08-27T00:25:43","date_gmt":"2014-08-26T22:25:43","guid":{"rendered":"http:\/\/www.gablitzer.at\/?page_id=75"},"modified":"2023-01-31T17:57:01","modified_gmt":"2023-01-31T16:57:01","slug":"eventstermine","status":"publish","type":"page","link":"https:\/\/www.gablitzer.at\/?page_id=75","title":{"rendered":"Events\/Termine"},"content":{"rendered":"<p><a href=\"https:\/\/www.gablitzer.at\/?p=1486\" target=\"_blank\" rel=\"noopener\"><strong>25.02.2023, 10.00-17:00 Uhr, &#8222;Beer Tasting Day\u201d <\/strong><\/a>&#8211; Gratis Bierverkostung des &#8222;Bier des Monats&#8220; M\u00e4rz. Jeder Besucher kann gratis 1 Glas 0,2l vom Bier des Monats verkosten. Und ab dem Kauf einer Kiste \u00e1 24&#215;0,33l aller lagernden Biere aus unserem Sortiment erh\u00e4ltt man 10% Rabatt.<\/p>\n<p><a href=\"https:\/\/www.gablitzer.at\/?p=1438\" target=\"_blank\" rel=\"noopener\"><strong>08.-11.12. und 16.-18.12.2022, &#8222;Advent in der Brauerei!\u201d <\/strong><\/a>&#8211; Unser kleiner, feiner Adventmarkt im Biergarten direlkt vor der Brauerei. Mit frisch gezapftem Klingeling&#8220;, Gl\u00fchbier, feinsten Winzergl\u00fchwein, Orangen- und Kinderpunsch, Erd\u00e4pfelgulasch, Brote uvm. Dazu gibt es die sch\u00f6nsten regionalen Produkte von Produzenten aus Gablitz bis Ollern. Und tollste Handwerksst\u00fccke von der Feuermanufaktur. Nat\u00fcrlich kann man auch einen Christbaum vom Jauerling bei uns reservieren lassen. \u00d6ffnungszeiten: Fr., Sa. von 16:00-21:00 und So. von 16:00-20:00 Uhr.<\/p>\n<p><strong>16.12.2021 &#8211; 23.12.2021, &#8222;Adventmarkt in der Brauerei!\u201d <\/strong>&#8211; Auch nach dem Lockdown geht der Adventmarkt t\u00e4glich von 16:00 &#8211; 22:00 Uhr weiter mit bester Kulinarik, Handwerk, frisch gezapften Bieren und Christbaumverkauf.<\/p>\n<p><strong>23.04.2016, &#8222;Einjahres-Feier&#8220; mit dem Tag der offenen Brauerei!\u201d\u00a0<\/strong>&#8211;\u00a0Am offiziellen Tag des Bieres an dem zuf\u00e4llig auch der Brauer Geburtstag hat, wird den ganzen Tag\u00a0mit erlesenen\u00a0Bieren, guter Musik, fr\u00f6hlicher Stimmung und bester Verpflegung, gefeiert.<\/p>\n<p><strong>09.04.2016, 17.00 &#8211; 20.00 Uhr,\u00a0CD-Pr\u00e4sentation\u00a0\u201cDie feigen Knechte \u2013\u00a0Das Schaf im Schankraum\u201d<\/strong>\u00a0&#8211;\u00a0Musikproduzent\u00a0Georg Ragyoczy l\u00e4dt die Mittelalter-Community in die Gablitzer Brauerei zum Release der neuen CD.\u00a0Dazu passend wird es das bereits frisch gebraute &#8222;Corma &#8211; Der Keltentrunk&#8220; frisch aus dem Fass gezapft geben.<\/p>\n<p><strong>19.09.2015, 14.00 &#8211; 18.00 Uhr, &#8222;Wienerwald Genu\u00df Tour&#8220; Startschuss-Event\u00a0<\/strong>&#8211;\u00a0Regionale Produzenten laden zum verkosten ihrer Produkte. Von Benno Karners Honig, \u00fcber selbst ger\u00f6stete Kaffeespezialit\u00e4ten oder Biosirupe und Weine aus Nieder\u00f6sterreich bis zu den Gablitzer Bieren, gibt es ein buntes und vielf\u00e4ltiges Sortiment hochwertiger, selbstgemachter Produkte.<\/p>\n<p><strong>28.08.2015, 16.00 Uhr, &#8222;COMET&#8220; Release Party im\u00a0Fassldippler in Wien\u00a0<\/strong>&#8211; Der Comet, ein Amber Ale aus dem Collaborationsud mit dem Beer Store Vienna wird landen und erstmals dem Publikum pr\u00e4sentiert.<\/p>\n<p><strong>28.08.2015, 16.00 Uhr,\u00a0MTB-L\u00e4dchen (Burgstall bei Maria Anzbach)\u00a0<\/strong>&#8211; Unter dem Zeichen von Regionalit\u00e4t und selbstgemachten Produkten werden im MTB-L\u00e4dchen regionale Produzenten ihre Produkte pr\u00e4sentieren. Wie immer ein Event bei dem Kurzweile, Abwechslung und gute Stimmung vorprogrammiert sind.<\/p>\n<p><strong>20.03.2015, 19.30 Uhr, Gablitzer Festhalle:\u00a0Konzert der irischen Band &#8222;CIUNAS&#8220;<\/strong>\u00a0&#8211; Mit einer Sonderedition des &#8222;Whiskeystout&#8220;, irischem Ale und dem\u00a0Gablitzer &#8222;Wiener Lager&#8220; und\u00a0Gablitzer &#8222;Original&#8220; &#8211; mein B\u00f6hmisches Pils &#8211; frisch gezapft aus dem Fass.<\/p>\n<p>N\u00e4heres hier:<\/p>\n<p><a href=\"http:\/\/www.ciunas.at\/de\/home\" target=\"_blank\" rel=\"noopener\">http:\/\/www.ciunas.at\/de\/home<\/a><\/p>\n<p><strong>10.01.2015, 19.00 Uhr:\u00a03. Gablitzer H\u00fcttengaudi (In der Gablitzer Festhalle)<\/strong>\u00a0&#8211; Mit Fa\u00dfbieranstich mit dem Gablitzer &#8222;Wiener Lager&#8220; und Gablitzer &#8222;Original&#8220; &#8211; mein B\u00f6hmisches Pils &#8211; und das &#8222;Wiener Lager&#8220; gibt es aus der Flasche.<\/p>\n<p>N\u00e4heres hier:<\/p>\n<p><a href=\"https:\/\/www.facebook.com\/events\/732175576862917\/?ref=2&amp;ref_dashboard_filter=upcoming\" target=\"_blank\" rel=\"noopener\">https:\/\/www.facebook.com\/events\/732175576862917\/?ref=2&amp;ref_dashboard_filter=upcoming<\/a><\/p>\n<p><strong>17.-18.01.2015:\u00a0Mittelaltertreiben in Mauerbach (Hauptstra\u00dfe 248, 3001 Mauerbach)<\/strong> &#8211; Mit frisch gezapftem &#8222;Gablitzer Original&#8220;, meinem B\u00f6hmischen Pils.<strong><br \/>\n<\/strong><\/p>\n<p><a href=\"https:\/\/www.facebook.com\/Mittelaltertreiben\">https:\/\/www.facebook.com\/Mittelaltertreiben<\/a><\/p>\n<p>Hier noch ein paar Infos zur Anfahrt zur &#8222;Schlo\u00dfparkhalle&#8220;:<\/p>\n<p>ANREISE PER PKW: Die Schlossparkhalle befindet sich direkt an der Hauptstra\u00dfe in Mauerbach.<br \/>\nF\u00fcr&#8217;s Navi: Hauptstra\u00dfe 248, 3001 Mauerbach<br \/>\nPARKPL\u00c4TZE &#8211; entlang der Hauptstra\u00dfe und 3 grosse Parkpl\u00e4tze beim Friedhofsweg. Gesamt ca. 500 Pl\u00e4tze !<\/p>\n<p><strong>21.-22.11.14: Craft Bier Fest Wien<\/strong> &#8211; Ankerbrotfabrik | Expedithalle in 1030 Wien<\/p>\n<p><a href=\"http:\/\/www.craftbierfest.at\" target=\"_blank\" rel=\"noopener\">http:\/\/www.craftbierfest.at<\/a><\/p>\n<p><strong>25.10.14: Samhain<\/strong>\u00a0| Burgstall bei Ma. Anzbach: Mit &#8222;Corma&#8220; &#8211; dem Keltenbier und frisch gezapftem &#8222;Wiener Lager&#8220;<\/p>\n<p>Mehr auf:\u00a0<a href=\"http:\/\/www.mensch-tier-balance.at\/de\/termine\/index.html\">http:\/\/www.mensch-tier-balance.at\/de\/termine\/index.html<\/a><\/p>\n<p>30.08.14: Ausschank @\u00a0Radatz &#8211; Wien 13 (Ekazent):<\/p>\n<p><a title=\"Bierstand @ Radatz Wien 13\" href=\"https:\/\/www.facebook.com\/events\/1455490901393643\/?ref_dashboard_filter=hosting\" target=\"_blank\" rel=\"noopener\">https:\/\/www.facebook.com\/events\/1455490901393643\/?ref_dashboard_filter=hosting<\/a><\/p>\n<p><a title=\"Bierstand @ Radatz Wien 13\" href=\"https:\/\/www.facebook.com\/events\/1455490901393643\/?ref_dashboard_filter=hosting\" target=\"_blank\" rel=\"noopener\">\u00a0<\/a><\/p>\n","protected":false},"excerpt":{"rendered":"<p>25.02.2023, 10.00-17:00 Uhr, &#8222;Beer Tasting Day\u201d &#8211; Gratis Bierverkostung des &#8222;Bier des Monats&#8220; M\u00e4rz. Jeder Besucher kann gratis 1 Glas 0,2l vom [&hellip;]<\/p>\n","protected":false},"author":1,"featured_media":0,"parent":0,"menu_order":0,"comment_status":"closed","ping_status":"open","template":"","meta":{"footnotes":""},"class_list":["post-75","page","type-page","status-publish","hentry"],"_links":{"self":[{"href":"https:\/\/www.gablitzer.at\/index.php?rest_route=\/wp\/v2\/pages\/75","targetHints":{"allow":["GET"]}}],"collection":[{"href":"https:\/\/www.gablitzer.at\/index.php?rest_route=\/wp\/v2\/pages"}],"about":[{"href":"https:\/\/www.gablitzer.at\/index.php?rest_route=\/wp\/v2\/types\/page"}],"author":[{"embeddable":true,"href":"https:\/\/www.gablitzer.at\/index.php?rest_route=\/wp\/v2\/users\/1"}],"replies":[{"embeddable":true,"href":"https:\/\/www.gablitzer.at\/index.php?rest_route=%2Fwp%2Fv2%2Fcomments&post=75"}],"version-history":[{"count":26,"href":"https:\/\/www.gablitzer.at\/index.php?rest_route=\/wp\/v2\/pages\/75\/revisions"}],"predecessor-version":[{"id":1493,"href":"https:\/\/www.gablitzer.at\/index.php?rest_route=\/wp\/v2\/pages\/75\/revisions\/1493"}],"wp:attachment":[{"href":"https:\/\/www.gablitzer.at\/index.php?rest_route=%2Fwp%2Fv2%2Fmedia&parent=75"}],"curies":[{"name":"wp","href":"https:\/\/api.w.org\/{rel}","templated":true}]}}