{"id":66,"date":"2014-08-27T00:23:44","date_gmt":"2014-08-26T22:23:44","guid":{"rendered":"http:\/\/www.gablitzer.at\/?page_id=66"},"modified":"2025-07-08T14:46:14","modified_gmt":"2025-07-08T12:46:14","slug":"bernstein-maerzen","status":"publish","type":"page","link":"https:\/\/www.gablitzer.at\/?page_id=66","title":{"rendered":"Bernstein M\u00e4rzen"},"content":{"rendered":"<p><a href=\"http:\/\/www.gablitzer.at\/wp-content\/uploads\/2015\/11\/GB-03-bernstMERZEN16.png\"><img loading=\"lazy\" decoding=\"async\" class=\"alignleft size-medium wp-image-740\" src=\"http:\/\/www.gablitzer.at\/wp-content\/uploads\/2015\/11\/GB-03-bernstMERZEN16-82x300.png\" alt=\"GB 03 bernstMERZEN16\" width=\"82\" height=\"300\" srcset=\"https:\/\/www.gablitzer.at\/wp-content\/uploads\/2015\/11\/GB-03-bernstMERZEN16-82x300.png 82w, https:\/\/www.gablitzer.at\/wp-content\/uploads\/2015\/11\/GB-03-bernstMERZEN16-800x2913.png 800w, https:\/\/www.gablitzer.at\/wp-content\/uploads\/2015\/11\/GB-03-bernstMERZEN16-768x2796.png 768w, https:\/\/www.gablitzer.at\/wp-content\/uploads\/2015\/11\/GB-03-bernstMERZEN16-281x1024.png 281w, https:\/\/www.gablitzer.at\/wp-content\/uploads\/2015\/11\/GB-03-bernstMERZEN16.png 852w\" sizes=\"auto, (max-width: 82px) 100vw, 82px\" \/><\/a><\/p>\n<p>Stammw\u00fcrze: 11,8\u00b0<\/p>\n<p style=\"padding-left: 30px;\">Alc.: 4,7%vol<\/p>\n<p style=\"padding-left: 30px;\">Da es im Gablitzer Umland die\u00a0einzige europ\u00e4ische Fundstelle des Bernstein gibt, liegt es nahe, dass es das Gablitzer\u00a0M\u00e4rzen in einem angenehmen Bernsteinton gibt. Dieser klassische Bierstil zeichnet sich dadurch aus, dass Hopfenbittere und Malz fein aufeinander abgestimmt und angenehm ausgewogen sind. Der Hopfen bleibt dezent und l\u00e4sst dem Malzton, wie f\u00fcr ein M\u00e4rzen typisch, leicht dominieren. Mit dem Bernstein M\u00e4rzen wurde ich 2013 Vizestaatsmeister in der Kategorie der Lagerbiere.<\/p>\n<h4><\/h4>\n<h4><\/h4>\n<h4><strong>Preis \/ Flasche:<\/strong><\/h4>\n<p>0,33L Einwegflasche mit Kronkork \u20ac 1,90<\/p>\n<p><a href=\"https:\/\/shop.gablitzer.at\/collections\/beliebteste\/products\/bernstein-marzen\" target=\"_blank\" rel=\"noopener noreferrer\">Hier<\/a> gleich online bestellen!<\/p>\n<h4><\/h4>\n<h4><strong>Gebinde:<\/strong><\/h4>\n<p>6er-Tr\u00e4ger: \u20ac 11,40 zzgl. \u20ac 0,50 f\u00fcr den Karton-6er-Tr\u00e4ger<\/p>\n<p>24er Karton: \u20ac 45,60 Kiste zzgl. \u20ac 3,00 Leerkistenpfand<\/p>\n<p>20L Fass mit Korbfitting: \u20ac 78,00 zzgl. \u20ac 36,00 Fasspfand<\/p>\n<p><em>Die oben angef\u00fchrten Preise verstehen sich inkl. Biersteuer und Mwst.<\/em><\/p>\n","protected":false},"excerpt":{"rendered":"<p>Stammw\u00fcrze: 11,8\u00b0 Alc.: 4,7%vol Da es im Gablitzer Umland die\u00a0einzige europ\u00e4ische Fundstelle des Bernstein gibt, liegt es nahe, dass es das Gablitzer\u00a0M\u00e4rzen [&hellip;]<\/p>\n","protected":false},"author":1,"featured_media":0,"parent":11,"menu_order":0,"comment_status":"closed","ping_status":"open","template":"","meta":{"footnotes":""},"class_list":["post-66","page","type-page","status-publish","hentry"],"_links":{"self":[{"href":"https:\/\/www.gablitzer.at\/index.php?rest_route=\/wp\/v2\/pages\/66","targetHints":{"allow":["GET"]}}],"collection":[{"href":"https:\/\/www.gablitzer.at\/index.php?rest_route=\/wp\/v2\/pages"}],"about":[{"href":"https:\/\/www.gablitzer.at\/index.php?rest_route=\/wp\/v2\/types\/page"}],"author":[{"embeddable":true,"href":"https:\/\/www.gablitzer.at\/index.php?rest_route=\/wp\/v2\/users\/1"}],"replies":[{"embeddable":true,"href":"https:\/\/www.gablitzer.at\/index.php?rest_route=%2Fwp%2Fv2%2Fcomments&post=66"}],"version-history":[{"count":42,"href":"https:\/\/www.gablitzer.at\/index.php?rest_route=\/wp\/v2\/pages\/66\/revisions"}],"predecessor-version":[{"id":1681,"href":"https:\/\/www.gablitzer.at\/index.php?rest_route=\/wp\/v2\/pages\/66\/revisions\/1681"}],"up":[{"embeddable":true,"href":"https:\/\/www.gablitzer.at\/index.php?rest_route=\/wp\/v2\/pages\/11"}],"wp:attachment":[{"href":"https:\/\/www.gablitzer.at\/index.php?rest_route=%2Fwp%2Fv2%2Fmedia&parent=66"}],"curies":[{"name":"wp","href":"https:\/\/api.w.org\/{rel}","templated":true}]}}