{"id":62,"date":"2014-08-27T00:12:37","date_gmt":"2014-08-26T22:12:37","guid":{"rendered":"http:\/\/www.gablitzer.at\/?page_id=62"},"modified":"2025-07-08T14:47:33","modified_gmt":"2025-07-08T12:47:33","slug":"wiener-lager","status":"publish","type":"page","link":"https:\/\/www.gablitzer.at\/?page_id=62","title":{"rendered":"Wiener Lager"},"content":{"rendered":"<h3><a href=\"http:\/\/www.gablitzer.at\/wp-content\/uploads\/2014\/08\/GB-03-WrLAGER16.png\"><img loading=\"lazy\" decoding=\"async\" class=\"alignleft size-medium wp-image-754\" src=\"http:\/\/www.gablitzer.at\/wp-content\/uploads\/2014\/08\/GB-03-WrLAGER16-82x300.png\" alt=\"GB 03 WrLAGER16\" width=\"82\" height=\"300\" srcset=\"https:\/\/www.gablitzer.at\/wp-content\/uploads\/2014\/08\/GB-03-WrLAGER16-82x300.png 82w, https:\/\/www.gablitzer.at\/wp-content\/uploads\/2014\/08\/GB-03-WrLAGER16-800x2913.png 800w, https:\/\/www.gablitzer.at\/wp-content\/uploads\/2014\/08\/GB-03-WrLAGER16-768x2796.png 768w, https:\/\/www.gablitzer.at\/wp-content\/uploads\/2014\/08\/GB-03-WrLAGER16-281x1024.png 281w, https:\/\/www.gablitzer.at\/wp-content\/uploads\/2014\/08\/GB-03-WrLAGER16.png 852w\" sizes=\"auto, (max-width: 82px) 100vw, 82px\" \/><\/a>Von <em>&#8222;Gault&amp;Millau&#8220;<\/em> zum<\/h3>\n<h3><strong>&#8222;BIER DES JAHRES 2020&#8220;<\/strong> pr\u00e4miert!<\/h3>\n<p>Stammw\u00fcrze: 11,7\u00b0<\/p>\n<p>Alc.: 5%vol<\/p>\n<p>Das &#8222;Wiener Lager&#8220; ist wohl \u00d6sterreichs ber\u00fchmtester Bierstil. Anton Dreher hat im Jahr 1841 in der damaligen Kleinschwechater Brauerei mit englischer Technologie einen relativ hellen Biertyp hergestellt. Damals kannte man hierzulande nur dunkle oberg\u00e4rige Biere. 1841 produzierte er das &#8220; Lagerbier nach Wiener Art&#8220;, \u00a0ein erstmals unterg\u00e4riges, lange kalt gelagertes Bier.<\/p>\n<p>Gerade die N\u00e4he zur Bundeshauptstadt und meine eigene Herkunft hat mich schon 2012 dazu bewegt ein Rezept zu entwickeln das diese typische, leicht Malz-betonte Note des Wiener Lager hervorbringt. Das Wiener Malz tr\u00e4gt das Bier und f\u00fchrt mit dem feinen, \u00f6sterreichischen Aromahopfen M\u00fchlviertler Perle zu\u00a0einer perfekten Vollmundigkeit. Ein Bier das zu vielen Gerichten passt und immer die richtige Wahl ist, wenn man etwas besonderes unter den Klassikern sucht.<\/p>\n<p>In meiner Rezeptur ist das Wiener Lager typisch\u00a0Bernsteinfarben mit dezenter Hopfenblume vollem Malzk\u00f6rper und mild im Nachtrunk<\/p>\n<h4><strong>Preis \/ Flasche:<\/strong><\/h4>\n<p>0,33L Einwegflasche mit Kronkork \u20ac 1,90<\/p>\n<p><a href=\"https:\/\/shop.gablitzer.at\/products\/wiener-lager\" target=\"_blank\" rel=\"noopener noreferrer\">Hier<\/a> gleich online bestellen!<\/p>\n<h4><\/h4>\n<h4><strong>Gebinde:<\/strong><\/h4>\n<p>6er-Tr\u00e4ger: \u20ac 11.40 zzgl. \u20ac 0,50 f\u00fcr den Karton-6er-Tr\u00e4ger<\/p>\n<p>24er Karton: \u20ac 45,60; Kiste zzgl. \u20ac 3,00 Leerkistenpfand<\/p>\n<p style=\"color: #373b41;\">20L Fass: \u20ac 78,00 zzgl. \u20ac 36,00 Fasspfand<\/p>\n<p><em>Die oben angef\u00fchrten Preise verstehen sich inkl. Biersteuer und Mwst.<\/em><\/p>\n","protected":false},"excerpt":{"rendered":"<p>Von &#8222;Gault&amp;Millau&#8220; zum &#8222;BIER DES JAHRES 2020&#8220; pr\u00e4miert! Stammw\u00fcrze: 11,7\u00b0 Alc.: 5%vol Das &#8222;Wiener Lager&#8220; ist wohl \u00d6sterreichs ber\u00fchmtester Bierstil. Anton Dreher [&hellip;]<\/p>\n","protected":false},"author":1,"featured_media":0,"parent":11,"menu_order":0,"comment_status":"closed","ping_status":"open","template":"","meta":{"footnotes":""},"class_list":["post-62","page","type-page","status-publish","hentry"],"_links":{"self":[{"href":"https:\/\/www.gablitzer.at\/index.php?rest_route=\/wp\/v2\/pages\/62","targetHints":{"allow":["GET"]}}],"collection":[{"href":"https:\/\/www.gablitzer.at\/index.php?rest_route=\/wp\/v2\/pages"}],"about":[{"href":"https:\/\/www.gablitzer.at\/index.php?rest_route=\/wp\/v2\/types\/page"}],"author":[{"embeddable":true,"href":"https:\/\/www.gablitzer.at\/index.php?rest_route=\/wp\/v2\/users\/1"}],"replies":[{"embeddable":true,"href":"https:\/\/www.gablitzer.at\/index.php?rest_route=%2Fwp%2Fv2%2Fcomments&post=62"}],"version-history":[{"count":37,"href":"https:\/\/www.gablitzer.at\/index.php?rest_route=\/wp\/v2\/pages\/62\/revisions"}],"predecessor-version":[{"id":1683,"href":"https:\/\/www.gablitzer.at\/index.php?rest_route=\/wp\/v2\/pages\/62\/revisions\/1683"}],"up":[{"embeddable":true,"href":"https:\/\/www.gablitzer.at\/index.php?rest_route=\/wp\/v2\/pages\/11"}],"wp:attachment":[{"href":"https:\/\/www.gablitzer.at\/index.php?rest_route=%2Fwp%2Fv2%2Fmedia&parent=62"}],"curies":[{"name":"wp","href":"https:\/\/api.w.org\/{rel}","templated":true}]}}