{"id":57,"date":"2014-08-26T09:37:56","date_gmt":"2014-08-26T07:37:56","guid":{"rendered":"http:\/\/www.gablitzer.at\/?page_id=57"},"modified":"2025-07-08T14:46:55","modified_gmt":"2025-07-08T12:46:55","slug":"boehmisches-pils","status":"publish","type":"page","link":"https:\/\/www.gablitzer.at\/?page_id=57","title":{"rendered":"Original &#8211; B\u00f6hmisches Pils"},"content":{"rendered":"<p><a href=\"http:\/\/www.gablitzer.at\/wp-content\/uploads\/2014\/08\/GB-03-ORIGINAL16-99p.png\"><img loading=\"lazy\" decoding=\"async\" class=\"alignleft size-medium wp-image-738\" src=\"http:\/\/www.gablitzer.at\/wp-content\/uploads\/2014\/08\/GB-03-ORIGINAL16-99p-82x300.png\" alt=\"GB 03 ORIGINAL16 99p\" width=\"82\" height=\"300\" srcset=\"https:\/\/www.gablitzer.at\/wp-content\/uploads\/2014\/08\/GB-03-ORIGINAL16-99p-82x300.png 82w, https:\/\/www.gablitzer.at\/wp-content\/uploads\/2014\/08\/GB-03-ORIGINAL16-99p-113x412.png 113w, https:\/\/www.gablitzer.at\/wp-content\/uploads\/2014\/08\/GB-03-ORIGINAL16-99p.png 281w\" sizes=\"auto, (max-width: 82px) 100vw, 82px\" \/><\/a><\/p>\n<p>Stammw\u00fcrze: 11.9\u00b0<\/p>\n<p>Alc.: 4,8%vol<\/p>\n<p>Das Gablitzer Original &#8211; vom Bierstil ein typisches &#8222;B\u00f6hmisches Pils&#8220; &#8211; erreichte 2012 den Ersten Platz in der Staatsmeisterschaft f\u00fcr Klein- und Hobbybrauer.<\/p>\n<p>Dieses Bier liegt mir besonders am Herzen da es mein erstes Pils war das ich gebraut habe und\u00a0das f\u00fcr mich eben ein echtes &#8222;Original Gablitzer Bier&#8220; wurde. Vorallem weil\u00a0ich denke, dass das Bier aus der ehemaligen Gablitzer Brauerei vielleicht von einem \u00e4hnlichen Typ sein h\u00e4tte k\u00f6nnen. Der Einfluss der damals in B\u00f6hmen schon mit hellen Malzen gebrauten Pils Biere war sicher im Wiener Raum gro\u00df. Nach dem Durchbruch Anton Drehers 1841 mit hellen Malzen\u00a0somit helle Biere brauen zu k\u00f6nnen &#8211; siehe auch &#8222;<a title=\"Wiener Lager\" href=\"http:\/\/www.gablitzer.at\/?page_id=62\">Wiener Lager<\/a>&#8220; &#8211; hat vorallem in Folge auch das b\u00f6hmische Pils sehr rasch eine gro\u00dfe Fangemeinde gefunden.<\/p>\n<p>Und so ging es mir auch mit dem Original. Durch die\u00a0angenehme typische Hopfenbittere des Celeja Aromahopfens mit 7% Alpha-Wert ist es vorallem im Sommer zur beliebtesten Sorte der Gablitzer geworden.<\/p>\n<h4><strong>Preis \/ Flasche:<\/strong><\/h4>\n<p>0,33L Einwegflasche mit Kronkork \u20ac 1,90<\/p>\n<p><strong><a href=\"https:\/\/shop.gablitzer.at\/products\/original-bohmisches-pils\" target=\"_blank\" rel=\"noopener noreferrer\">Hier<\/a> gleich online bestellen!<\/strong><\/p>\n<h4><\/h4>\n<h4>Gebinde:<\/h4>\n<p>6er-Tr\u00e4ger: \u20ac 11,40 zzgl. \u20ac 0,50 f\u00fcr den Karton-6er-Tr\u00e4ger<\/p>\n<p>24er Karton: \u20ac 45,600, Kiste zzgl. \u20ac 3,00 Leerkistenpfand<\/p>\n<p>20L Container: \u20ac 78,00 zzgl. \u20ac 36,00 Fasspfand<\/p>\n<p><em>Die oben angef\u00fchrten Preise verstehen sich inkl. Biersteuer und Mwst.<\/em><\/p>\n","protected":false},"excerpt":{"rendered":"<p>Stammw\u00fcrze: 11.9\u00b0 Alc.: 4,8%vol Das Gablitzer Original &#8211; vom Bierstil ein typisches &#8222;B\u00f6hmisches Pils&#8220; &#8211; erreichte 2012 den Ersten Platz in der [&hellip;]<\/p>\n","protected":false},"author":1,"featured_media":0,"parent":11,"menu_order":1,"comment_status":"closed","ping_status":"open","template":"","meta":{"footnotes":""},"class_list":["post-57","page","type-page","status-publish","hentry"],"_links":{"self":[{"href":"https:\/\/www.gablitzer.at\/index.php?rest_route=\/wp\/v2\/pages\/57","targetHints":{"allow":["GET"]}}],"collection":[{"href":"https:\/\/www.gablitzer.at\/index.php?rest_route=\/wp\/v2\/pages"}],"about":[{"href":"https:\/\/www.gablitzer.at\/index.php?rest_route=\/wp\/v2\/types\/page"}],"author":[{"embeddable":true,"href":"https:\/\/www.gablitzer.at\/index.php?rest_route=\/wp\/v2\/users\/1"}],"replies":[{"embeddable":true,"href":"https:\/\/www.gablitzer.at\/index.php?rest_route=%2Fwp%2Fv2%2Fcomments&post=57"}],"version-history":[{"count":34,"href":"https:\/\/www.gablitzer.at\/index.php?rest_route=\/wp\/v2\/pages\/57\/revisions"}],"predecessor-version":[{"id":1682,"href":"https:\/\/www.gablitzer.at\/index.php?rest_route=\/wp\/v2\/pages\/57\/revisions\/1682"}],"up":[{"embeddable":true,"href":"https:\/\/www.gablitzer.at\/index.php?rest_route=\/wp\/v2\/pages\/11"}],"wp:attachment":[{"href":"https:\/\/www.gablitzer.at\/index.php?rest_route=%2Fwp%2Fv2%2Fmedia&parent=57"}],"curies":[{"name":"wp","href":"https:\/\/api.w.org\/{rel}","templated":true}]}}