{"id":482,"date":"2016-10-22T13:19:15","date_gmt":"2016-10-22T11:19:15","guid":{"rendered":"http:\/\/www.gablitzer.at\/?page_id=482"},"modified":"2022-11-11T17:07:13","modified_gmt":"2022-11-11T16:07:13","slug":"egon-boehmisches-pils","status":"publish","type":"page","link":"https:\/\/www.gablitzer.at\/?page_id=482","title":{"rendered":"Egon &#8211; B\u00f6hmisches Pils"},"content":{"rendered":"<p><a href=\"http:\/\/www.gablitzer.at\/wp-content\/uploads\/2016\/10\/GB-03-EGON17.png\"><img loading=\"lazy\" decoding=\"async\" class=\"alignleft size-medium wp-image-865\" src=\"http:\/\/www.gablitzer.at\/wp-content\/uploads\/2016\/10\/GB-03-EGON17-82x300.png\" alt=\"\" width=\"82\" height=\"300\" srcset=\"https:\/\/www.gablitzer.at\/wp-content\/uploads\/2016\/10\/GB-03-EGON17-82x300.png 82w, https:\/\/www.gablitzer.at\/wp-content\/uploads\/2016\/10\/GB-03-EGON17-800x2913.png 800w, https:\/\/www.gablitzer.at\/wp-content\/uploads\/2016\/10\/GB-03-EGON17-768x2796.png 768w, https:\/\/www.gablitzer.at\/wp-content\/uploads\/2016\/10\/GB-03-EGON17-281x1024.png 281w, https:\/\/www.gablitzer.at\/wp-content\/uploads\/2016\/10\/GB-03-EGON17.png 852w\" sizes=\"auto, (max-width: 82px) 100vw, 82px\" \/><\/a>Stammw\u00fcrze: 11,9\u00b0<\/p>\n<p>Alc.: 5,2%vol<\/p>\n<p>Ein \u201eB\u00f6hmisches Pils\u201c in Anerkennung und Wertsch\u00e4tzung f\u00fcr meinen Gro\u00dfonkel 3. Grades Egon Schiele und den Ort an dem wir die gemeinsamen Wurzeln m\u00fctterlicherseits haben, dem wundersch\u00f6nen B\u00f6hmisch Krumau. In hellem Bernsteinton gebraut, mit dem klassischen tschechischen Saazer Hopfen in der ersten und zweiten und hopfengestopft. Der wunderbar aromatische Citra Hopfen bringt in der letzten Hopfengabe sein volles Aroma. Voll feiner Fruchtigkeit nach Heidelbeeren und Zitrusfr\u00fcchten im Verbund mit angenehmen Pinien-Aromen. Die ausgewogene Malznote und angenehme Hopfenbittere sorgt f\u00fcr ein perfektes Mundgef\u00fchl. Wie alle unsere Biere unfiltriert, zeigt es sich im Glas sch\u00f6n opalisierend.<\/p>\n<h4><strong>Preis \/ Flasche:<\/strong><\/h4>\n<p>0,33L Einwegflasche mit Kronkork \u20ac 2,00<\/p>\n<p><a href=\"https:\/\/shop.gablitzer.at\/products\/egon-bohmisches-pils\" target=\"_blank\" rel=\"noopener noreferrer\">Hier<\/a> gleich online bestellen!<\/p>\n<h4><\/h4>\n<h4><strong>Gebinde:<\/strong><\/h4>\n<p>6er-Tr\u00e4ger: \u20ac 12,00 zzgl. \u20ac 0,50 f\u00fcr den Karton-6er-Tr\u00e4ger<\/p>\n<p>24er Karton: \u20ac 48,00; Kiste zzgl. \u20ac 3,00 Leerkistenpfand<\/p>\n<p>20L Fass: \u20ac 80,00 zzgl. \u20ac 36,00 Fasspfand<\/p>\n<p><em>Die oben angef\u00fchrten Preise verstehen sich inkl. Biersteuer und Mwst.<\/em><\/p>\n","protected":false},"excerpt":{"rendered":"<p>Stammw\u00fcrze: 11,9\u00b0 Alc.: 5,2%vol Ein \u201eB\u00f6hmisches Pils\u201c in Anerkennung und Wertsch\u00e4tzung f\u00fcr meinen Gro\u00dfonkel 3. Grades Egon Schiele und den Ort an [&hellip;]<\/p>\n","protected":false},"author":1,"featured_media":0,"parent":11,"menu_order":0,"comment_status":"closed","ping_status":"open","template":"","meta":{"footnotes":""},"class_list":["post-482","page","type-page","status-publish","hentry"],"_links":{"self":[{"href":"https:\/\/www.gablitzer.at\/index.php?rest_route=\/wp\/v2\/pages\/482","targetHints":{"allow":["GET"]}}],"collection":[{"href":"https:\/\/www.gablitzer.at\/index.php?rest_route=\/wp\/v2\/pages"}],"about":[{"href":"https:\/\/www.gablitzer.at\/index.php?rest_route=\/wp\/v2\/types\/page"}],"author":[{"embeddable":true,"href":"https:\/\/www.gablitzer.at\/index.php?rest_route=\/wp\/v2\/users\/1"}],"replies":[{"embeddable":true,"href":"https:\/\/www.gablitzer.at\/index.php?rest_route=%2Fwp%2Fv2%2Fcomments&post=482"}],"version-history":[{"count":14,"href":"https:\/\/www.gablitzer.at\/index.php?rest_route=\/wp\/v2\/pages\/482\/revisions"}],"predecessor-version":[{"id":1428,"href":"https:\/\/www.gablitzer.at\/index.php?rest_route=\/wp\/v2\/pages\/482\/revisions\/1428"}],"up":[{"embeddable":true,"href":"https:\/\/www.gablitzer.at\/index.php?rest_route=\/wp\/v2\/pages\/11"}],"wp:attachment":[{"href":"https:\/\/www.gablitzer.at\/index.php?rest_route=%2Fwp%2Fv2%2Fmedia&parent=482"}],"curies":[{"name":"wp","href":"https:\/\/api.w.org\/{rel}","templated":true}]}}