{"id":2,"date":"2014-07-22T10:40:48","date_gmt":"2014-07-22T10:40:48","guid":{"rendered":"http:\/\/www.gablitzer.at\/?page_id=2"},"modified":"2025-10-18T11:28:56","modified_gmt":"2025-10-18T09:28:56","slug":"beispiel-seite","status":"publish","type":"page","link":"https:\/\/www.gablitzer.at\/?page_id=2","title":{"rendered":"Pers\u00f6nliches"},"content":{"rendered":"<h3>Berufung<\/h3>\n<p>Bier in bester Qualit\u00e4t zu brauen &#8211; anf\u00e4nglich war das ein Wunsch, eine Vorstellung, ein h\u00f6chst interessantes Hobby &#8230;<\/p>\n<p>Doch der Antrieb wurde gr\u00f6\u00dfer und das Hobby zur Passion.<\/p>\n<p>Und so entstand die Gablitzer Privatbrauerei, die mit Stolz nun schon einige Stockerlpl\u00e4tze in den Staatsmeisterschaften der letzten Jahre, wie zB den Staatsmeistertitel 2012 in der Kategorie Pils f\u00fcr unser Gablitzer Original, oder zuletzt die Pr\u00e4mierung zum &#8222;Bier des Jahres 2020&#8220; von Gault&amp;Millau,\u00a0 tragen darf! Nat\u00fcrlich freut mich das sehr, und mein Anspruch an meine Arbeit als Brauer wird dadurch noch h\u00f6her.<\/p>\n<p>Ich braue Biere, die in erster Linie dem Genuss dienen. F\u00fcr mich hei\u00dft das, seine eigenen Rezepte zu komponieren und mit hochwertigsten Malzen und Hopfen die eigenen Bierkreationen werden zu lassen.<\/p>\n<p>Und es bedeutet, viel Zeit und Liebe zu investieren, um jede Flasche und jedes Fass von Hand zu f\u00fcllen.<\/p>\n<p>Das macht jedes Gablitzer zu etwas Pers\u00f6nlichem.<\/p>\n<p><strong>Alles andere ist nicht mein Bier<\/strong><strong>\u00a0<\/strong><\/p>\n<p>MARKUS F\u00dcHRER<\/p>\n<h3>Zur Person:<\/h3>\n<p><a href=\"http:\/\/www.gablitzer.at\/wp-content\/uploads\/2014\/07\/MG_9117.jpg\"><img loading=\"lazy\" decoding=\"async\" class=\"alignleft size-medium wp-image-338\" src=\"http:\/\/www.gablitzer.at\/wp-content\/uploads\/2014\/07\/MG_9117-200x300.jpg\" alt=\"_MG_9117\" width=\"200\" height=\"300\" srcset=\"https:\/\/www.gablitzer.at\/wp-content\/uploads\/2014\/07\/MG_9117-200x300.jpg 200w, https:\/\/www.gablitzer.at\/wp-content\/uploads\/2014\/07\/MG_9117-113x170.jpg 113w, https:\/\/www.gablitzer.at\/wp-content\/uploads\/2014\/07\/MG_9117-682x1024.jpg 682w, https:\/\/www.gablitzer.at\/wp-content\/uploads\/2014\/07\/MG_9117.jpg 800w\" sizes=\"auto, (max-width: 200px) 100vw, 200px\" \/><\/a><\/p>\n<p><strong>Markus F\u00fchrer:<\/strong><\/p>\n<p>Gr\u00fcnder, Inhaber, sein eigener Chef, Brauer, Bierf\u00fchrer, Verantwortlicher, Marketingleiter, Rezeptet\u00fcftler, Vorkoster, &#8230;<\/p>\n<p>Vieles davon galt schon in der Zeit als Werber.<\/p>\n<p>Geboren 1968 in Wien. Gymnasium in Wien 2. H\u00f6here Graphische Bundes-Lehr- und Versuchsanstalt, Geschieden, 2 Kinder (Franziska, Moritz).<\/p>\n<h4>Der Lebenslauf (als Werber):<\/h4>\n<p><em>1982 &#8211; 1987<\/em><\/p>\n<p>Studium der Reproduktions- und Drucktechnik in der H\u00f6here Grafische Bundes- Lehr- und Versuchsanstalt, Wien 14 mit j\u00e4hrlicher Ferialpraxis in Bern und Biel. Danach 3 Jahre in der Druckvorstufe der Druckerei Seitenberg.<\/p>\n<p><em>1990 \u2013 1992<\/em><br \/>\n1990 Start in der Werbung. Zuerst bei Werbeteam Die Drei als Account Manager, im Anschlu\u00df 2 Jahre Gesellschafter und Gesch\u00e4ftsf\u00fchrer bei Hiermann &amp; Partner. Neben dem klassischen Werbegesch\u00e4ft werden internationale Rock &amp; Pop-Konzerte produziert \u2013 u.a. Rod Stewart\/Wien, Joe Cocker\/Wels, Sting\/Linz, AC DC\/Graz, Michael Jackson\/Wien.<\/p>\n<p><em>1992 \u2013 2000<\/em><br \/>\nGrundsteinlegung der Werbeagentur CreativWerk in St. P\u00f6lten. In diesem Rahmen wird f\u00fcr Neuman Aluminium\/Lilienfeld, Schremser Brauerei, Hainfelder Brauerei, Coopers &amp; Lybrand, Stauss-Perlite International, Plasser &amp; Theurer gearbeitet, sowie die Familienkarten der Familienreferate des Landes N\u00d6 und O\u00d6 konzeptioniert und umgesetzt.<\/p>\n<p><em>1998 &#8211; 2000<\/em><br \/>\nceo und Partner Austrianonlines Internetprovider.\u00a0Das Unternehmen wird am 1. April gekauft und setzt auf Konzeption, strategic planning und Planung sowie Koordination erster umfangreicher Online-Konzepte von simplen websiten bis zu CRM-Datenbanken.<\/p>\n<p><em>2000 &#8211; 2006<\/em><br \/>\nMit 1.2.2000 R\u00fcckkehr aus St. P\u00f6lten nach Wien um als Etatdirektor und boardmember der Euro RSCG Vienna, Kunden wie AVL List GmbH, AVL Ditest, ESTAG\/Graz, IPA+\/Wien, EVOLARIS e-business competence centre\/Graz zu betreuen, sowie ab\u00a04\/2006 die dtp-Unit \u201eEuropaint&#8220; aufzubauen.<\/p>\n<p><em>2006 \u2013 2007<\/em><br \/>\nAusbau der Pressel Directmail Gruppe mit Produktionsst\u00e4tten in Wien und M\u00fcnchen, Gesch\u00e4ftsf\u00fchrung der Direktmarketing- und Werbeagentur lemongrass, sowie Erweiterung auf den Standort M\u00fcnchen.<\/p>\n<p><em>1.4.2008 \u2013 30.9.2011<\/em><br \/>\nGroup Account Director bei McCann Erickson, sowie Unit head der MRM &#8211; A unit of McCann Erickson. MRM wird als Digitalunit auf Basis der internationalen MRM-Niederlassungen aufgebaut und erweitert. Auf klassischer und digitaler Kommunikationsebene werden Kunden betreut wie:<\/p>\n<p>Opel Austria,\u00a0BrauUnion \u00d6sterreich AG\/G\u00f6sser, Puntigamer, Heineken, BrauUnion International,\u00a0Heineken CEE,\u00a0MasterCard, Microsoft, Nestl\u00e9, L\u00b4Or\u00e9al, Vinzi<\/p>\n<p><strong>Erste Brau-T\u00e4tigkeiten bis zur Passion des Hobbybrauens.<\/strong><\/p>\n<p><em>Oktober 2011 &#8211; Nov. 2013<\/em><br \/>\nMitbegr\u00fcnder der tausend Rosen Filmproduktion GmbH und damit Kompetenzausweitung um Kommunikationsberatung in klassischen und digitalen Disziplinen, Produktion von TV Spots (G\u00f6sser, Neuburger, Stiftung Kindertraum | Non-Profit, Heindl, &#8230;), investigative Kinodokus (&#8222;Bulb Fiction&#8220; &#8211; Die Sparlampenl\u00fcge, &#8222;Plastic Planet&#8220;), Online-Projekte: <a href=\"https:\/\/www.tausend-rosen.at\/de\/homece37.html?page=12\" target=\"_blank\" rel=\"noopener\">https:\/\/www.tausend-rosen.at\/de\/homece37.html?page=12<\/a>)<\/p>\n<p>&nbsp;<\/p>\n<p><em>M\u00e4rz 2014 &#8211; heute<\/em><br \/>\nGr\u00fcnder, Inhaber und Brauer der &#8222;Gablitzer Privatbrauerei&#8220;<\/p>\n<p><em>Seit 2024<\/em><br \/>\nMarkenerweiterung &#8222;Purkersdorfer Stadtbrauerei&#8220;<\/p>\n<p><strong>Staatsmeister mit dem &#8222;Gablitzer Original&#8220; in der Kategorie Pils, 3-facher Vizestaatsmeister mit dem &#8222;Bernstein M\u00e4rzen&#8220;, &#8222;Wiener Lager&#8220;, &#8222;H\u00fctteldorfer&#8220;, 4x Platz 3, &#8222;Bier des Jahres 2020&#8220; von Gault&amp;Millau (Blindverkostung unter allen \u00f6sterreichischen Bieren), 12-fache H\u00f6chstwertungen bei &#8222;Falstaff Bier Trophy&#8220;, zuletzt 2025 mit dem &#8222;STIPS Hell&#8220;.<\/strong><\/p>\n<p><em>(Werbe-\/Marken-) Awards<\/em><br \/>\n<strong>EFFIE &#8211; GOLD<\/strong> (Kat. Gebrauchsg\u00fcter), 2009<br \/>\n<strong>Green Panther<\/strong> &#8211; Silber, 2009<br \/>\n<strong>Green Panther<\/strong> &#8211; Silber, 2008<br \/>\n<strong>EFFIE &#8211; SILBER<\/strong> (Kat. Industrie-\/Investitionsg\u00fcter), 2005<\/p>\n","protected":false},"excerpt":{"rendered":"<p>Berufung Bier in bester Qualit\u00e4t zu brauen &#8211; anf\u00e4nglich war das ein Wunsch, eine Vorstellung, ein h\u00f6chst interessantes Hobby &#8230; Doch der [&hellip;]<\/p>\n","protected":false},"author":1,"featured_media":0,"parent":0,"menu_order":0,"comment_status":"closed","ping_status":"open","template":"","meta":{"footnotes":""},"class_list":["post-2","page","type-page","status-publish","hentry"],"_links":{"self":[{"href":"https:\/\/www.gablitzer.at\/index.php?rest_route=\/wp\/v2\/pages\/2","targetHints":{"allow":["GET"]}}],"collection":[{"href":"https:\/\/www.gablitzer.at\/index.php?rest_route=\/wp\/v2\/pages"}],"about":[{"href":"https:\/\/www.gablitzer.at\/index.php?rest_route=\/wp\/v2\/types\/page"}],"author":[{"embeddable":true,"href":"https:\/\/www.gablitzer.at\/index.php?rest_route=\/wp\/v2\/users\/1"}],"replies":[{"embeddable":true,"href":"https:\/\/www.gablitzer.at\/index.php?rest_route=%2Fwp%2Fv2%2Fcomments&post=2"}],"version-history":[{"count":22,"href":"https:\/\/www.gablitzer.at\/index.php?rest_route=\/wp\/v2\/pages\/2\/revisions"}],"predecessor-version":[{"id":1705,"href":"https:\/\/www.gablitzer.at\/index.php?rest_route=\/wp\/v2\/pages\/2\/revisions\/1705"}],"wp:attachment":[{"href":"https:\/\/www.gablitzer.at\/index.php?rest_route=%2Fwp%2Fv2%2Fmedia&parent=2"}],"curies":[{"name":"wp","href":"https:\/\/api.w.org\/{rel}","templated":true}]}}