{"id":1561,"date":"2024-04-21T19:02:44","date_gmt":"2024-04-21T17:02:44","guid":{"rendered":"https:\/\/www.gablitzer.at\/?page_id=1561"},"modified":"2025-07-16T12:06:51","modified_gmt":"2025-07-16T10:06:51","slug":"stips-hell","status":"publish","type":"page","link":"https:\/\/www.gablitzer.at\/?page_id=1561","title":{"rendered":"STIPS Hell"},"content":{"rendered":"\n<p class=\"has-medium-font-size\"><\/p>\n\n\n\n<div class=\"wp-block-group has-global-padding is-layout-constrained wp-block-group-is-layout-constrained\">\n<div class=\"wp-block-group has-global-padding is-layout-constrained wp-block-group-is-layout-constrained\">\n<p><img loading=\"lazy\" decoding=\"async\" width=\"140\" height=\"338\" class=\"wp-image-1553\" style=\"width: 140px;\" src=\"http:\/\/www.gablitzer.at\/wp-content\/uploads\/2024\/04\/Stips_0.33_3D_160424.png\" alt=\"\" srcset=\"https:\/\/www.gablitzer.at\/wp-content\/uploads\/2024\/04\/Stips_0.33_3D_160424.png 1390w, https:\/\/www.gablitzer.at\/wp-content\/uploads\/2024\/04\/Stips_0.33_3D_160424-124x300.png 124w, https:\/\/www.gablitzer.at\/wp-content\/uploads\/2024\/04\/Stips_0.33_3D_160424-425x1024.png 425w, https:\/\/www.gablitzer.at\/wp-content\/uploads\/2024\/04\/Stips_0.33_3D_160424-768x1853.png 768w, https:\/\/www.gablitzer.at\/wp-content\/uploads\/2024\/04\/Stips_0.33_3D_160424-637x1536.png 637w, https:\/\/www.gablitzer.at\/wp-content\/uploads\/2024\/04\/Stips_0.33_3D_160424-849x2048.png 849w, https:\/\/www.gablitzer.at\/wp-content\/uploads\/2024\/04\/Stips_0.33_3D_160424-1000x2412.png 1000w, https:\/\/www.gablitzer.at\/wp-content\/uploads\/2024\/04\/Stips_0.33_3D_160424-230x555.png 230w, https:\/\/www.gablitzer.at\/wp-content\/uploads\/2024\/04\/Stips_0.33_3D_160424-350x844.png 350w, https:\/\/www.gablitzer.at\/wp-content\/uploads\/2024\/04\/Stips_0.33_3D_160424-480x1158.png 480w\" sizes=\"auto, (max-width: 140px) 100vw, 140px\" \/>Stammw\u00fcrze: 11,9\u00b0P<\/p>\n\n\n\n<p>Alk.: 4,8%vol<\/p>\n\n\n\n<div class=\"wp-block-group is-vertical is-layout-flex wp-container-core-group-is-layout-fe9cc265 wp-block-group-is-layout-flex\">\n<p>Das STIPS Hell ist ein Biertyp der aktuell sehr im Trend ist, jedoch nicht so leicht wie die aktuell am Markt &#8211; durch diverse Industriebrauereien gebraut \u2013 befindlichen Hellen. Schon im Antrunk erkennt man die feine Getreides\u00fc\u00dfe die wie die pure Bierw\u00fcrze ein sch\u00f6nes, volles Mundgef\u00fchl bringt. Nicht zu vollmundig, aber auch nicht zu schlank kommt dieses Bier an den Gaumen. Die dezente, fein aromatisierte Hopfenbittere vom Cascade Aromahopfen, ist ebenso angenehm und ausgewogen wie der gesamte sensorische Eindruck des Bieres. Sch\u00f6ne Zitrus- und Beerennoten in der Nase zeigt sich schon vor dem ersten Schluck das Bier in seiner typischen hellen Farbe, welche die Frische des Bieres schon vorwegnimmt. Im Abgang wird der ausgewogene Gesamteindruck noch einmal von einer leichten Rests\u00fc\u00dfe und dezentem Hopfen untermalen.<\/p>\n<\/div>\n\n\n\n<p>Das STIPS wird es in der 0,33l Ale Einwegflasche geben, perfekt verpackt im 4er-Karton als Merchandise-Artikel bei allen Auftritten von Thomas Stipsits und nat\u00fcrlich auch online zu bestellen. In der 0,5L Euro Bier Flasche wird es das STIPS somit im Mehrweggebinde, und hier vorerst in der ausgesuchten Gastronomie, geben. Nat\u00fcrlich wird es auch vom Fass erh\u00e4ltlich sein, f\u00fcr alle Freunde von frisch gezapftem Bier.<\/p>\n<\/div>\n<\/div>\n\n\n\n<h4 class=\"wp-block-heading\"><strong>Preis \/ Flasche:<\/strong><\/h4>\n\n\n\n<p>0,33L Einwegflasche mit Kronkork \u20ac 2,30<\/p>\n\n\n\n<p>0,5L Mehrwegflasche mit Kronkork \u20ac 2,90<\/p>\n\n\n\n<h4 class=\"wp-block-heading\">Gebinde:<\/h4>\n\n\n\n<p>6er-Tr\u00e4ger &#8211; 6&#215;0,33l: \u20ac 13,80 zzgl. \u20ac 0,50 f\u00fcr den Karton-6er-Tr\u00e4ger<\/p>\n\n\n\n<p>24er Kiste: \u20ac 55,20 zzgl. \u20ac 3,00 Leerkistenpfand<\/p>\n\n\n\n<p>20L Container: \u20ac 95,00 zzgl. \u20ac 36,00 Fasspfand<\/p>\n\n\n\n<p><em>Die oben angef\u00fchrten Preise verstehen sich inkl. Biersteuer und Mwst.<\/em><\/p>\n\n\n\n<p>Die Geschichte zum Stips finden Sie <a href=\"https:\/\/www.gablitzer.at\/?page_id=1552\" data-type=\"page\" data-id=\"1552\">hier<\/a>.<\/p>\n\n\n\n<p>Mehr Infos zu Thomas Stipsits, seiner Passion dem Bier brauen und dem Bier selbst, finden Sie <a href=\"https:\/\/www.stips.at\" target=\"_blank\" rel=\"noreferrer noopener\">hier<\/a>.<\/p>\n\n\n\n<p><\/p>\n","protected":false},"excerpt":{"rendered":"<p>Stammw\u00fcrze: 11,9\u00b0P Alk.: 4,8%vol Das STIPS Hell ist ein Biertyp der aktuell sehr im Trend ist, jedoch nicht so leicht wie die [&hellip;]<\/p>\n","protected":false},"author":1,"featured_media":1553,"parent":11,"menu_order":1,"comment_status":"closed","ping_status":"closed","template":"","meta":{"footnotes":""},"class_list":["post-1561","page","type-page","status-publish","has-post-thumbnail","hentry"],"_links":{"self":[{"href":"https:\/\/www.gablitzer.at\/index.php?rest_route=\/wp\/v2\/pages\/1561","targetHints":{"allow":["GET"]}}],"collection":[{"href":"https:\/\/www.gablitzer.at\/index.php?rest_route=\/wp\/v2\/pages"}],"about":[{"href":"https:\/\/www.gablitzer.at\/index.php?rest_route=\/wp\/v2\/types\/page"}],"author":[{"embeddable":true,"href":"https:\/\/www.gablitzer.at\/index.php?rest_route=\/wp\/v2\/users\/1"}],"replies":[{"embeddable":true,"href":"https:\/\/www.gablitzer.at\/index.php?rest_route=%2Fwp%2Fv2%2Fcomments&post=1561"}],"version-history":[{"count":12,"href":"https:\/\/www.gablitzer.at\/index.php?rest_route=\/wp\/v2\/pages\/1561\/revisions"}],"predecessor-version":[{"id":1686,"href":"https:\/\/www.gablitzer.at\/index.php?rest_route=\/wp\/v2\/pages\/1561\/revisions\/1686"}],"up":[{"embeddable":true,"href":"https:\/\/www.gablitzer.at\/index.php?rest_route=\/wp\/v2\/pages\/11"}],"wp:featuredmedia":[{"embeddable":true,"href":"https:\/\/www.gablitzer.at\/index.php?rest_route=\/wp\/v2\/media\/1553"}],"wp:attachment":[{"href":"https:\/\/www.gablitzer.at\/index.php?rest_route=%2Fwp%2Fv2%2Fmedia&parent=1561"}],"curies":[{"name":"wp","href":"https:\/\/api.w.org\/{rel}","templated":true}]}}