{"id":1552,"date":"2024-04-21T18:50:56","date_gmt":"2024-04-21T16:50:56","guid":{"rendered":"https:\/\/www.gablitzer.at\/?page_id=1552"},"modified":"2025-07-16T12:10:02","modified_gmt":"2025-07-16T10:10:02","slug":"stips-2","status":"publish","type":"page","link":"https:\/\/www.gablitzer.at\/?page_id=1552","title":{"rendered":"STIPS"},"content":{"rendered":"\n<p>Die sch\u00f6nsten Geschichten schreibt das Leben. Vorallem dann, wenn es um Bier geht. So haben sich vor Jahren, Thomas Stipsits und Markus F\u00fchrer bei einem gemeinsamen TV-Spot Dreh gefunden. Dass beide die Liebe zum Bier teilen haben sie aber erst sp\u00e4ter entdeckt und sofort wurde die Idee zu einem eigenen Bier f\u00fcr und von Thomas Stipsits, der bis dahin als Hobbybrauer aktiv war, geboren. Wie das Bier, hat auch dieses Projekt etwas gebraucht um zu reifen. Viele Gespr\u00e4che und Ideen kamen auf, wurden diskutiert und verworfen. Thomas wollte aber nicht nur irgendein Bier in einer fremden Brauerei brauen, sondern selbst auch Teil des Unternehmens werden und somit ganz authentisch bleiben. Durch die Freundschaft mit Markus F\u00fchrer, die gemeinsame Leidenschaft f\u00fcr das Bier brauen und dem Vertrauen in die Werte und die Philosophie unserer Brauerei wurde der Grundstein f\u00fcr das gemeinsame Projekt gelegt. Was daraus entstand war ein Bier das Thomas so schon immer \u201eim Gro\u00dfen\u201c brauen wollte. Also haben er und Markus F\u00fchrer die K\u00f6pfe zusammengesteckt um dem Bier einen Charakter, eine Farbe, einen Geschmack zu geben, der dem entspricht was Thomas schon vor seinem geistigen Auge hatte.<\/p>\n\n\n\n<p>Ein sch\u00f6nes, vollmundiges \u201eHelles\u201c. Goldgelb mit dezenter Hopfenbittere, leicht getreidig im Antrunk, ausgewogen karbonisiert und s\u00fcffig.<\/p>\n\n\n\n<p>Die h\u00f6chste Auszeichnung die dieses feine Bier erfuhr, war es von Hand gebraut zu werden, fernab von Industrie und Mainstream. Biere handwerklich zu brauen ist der Kern der Brauerei. So lag es auf der Hand, dass Thomas Stipsits sein Bier nat\u00fcrlich, zusammen mit dem Brauteam, selbst und handwerklich mit uns braut und auch selbst abf\u00fcllt.<\/p>\n\n\n\n<figure class=\"wp-block-image size-large\"><img loading=\"lazy\" decoding=\"async\" width=\"670\" height=\"1024\" src=\"http:\/\/www.gablitzer.at\/wp-content\/uploads\/2024\/05\/StipBierIllu02_2024_Etikett-NEU_small-670x1024.jpg\" alt=\"\" class=\"wp-image-1600\" srcset=\"https:\/\/www.gablitzer.at\/wp-content\/uploads\/2024\/05\/StipBierIllu02_2024_Etikett-NEU_small-670x1024.jpg 670w, https:\/\/www.gablitzer.at\/wp-content\/uploads\/2024\/05\/StipBierIllu02_2024_Etikett-NEU_small-196x300.jpg 196w, https:\/\/www.gablitzer.at\/wp-content\/uploads\/2024\/05\/StipBierIllu02_2024_Etikett-NEU_small-230x351.jpg 230w, https:\/\/www.gablitzer.at\/wp-content\/uploads\/2024\/05\/StipBierIllu02_2024_Etikett-NEU_small-350x535.jpg 350w, https:\/\/www.gablitzer.at\/wp-content\/uploads\/2024\/05\/StipBierIllu02_2024_Etikett-NEU_small-480x733.jpg 480w, https:\/\/www.gablitzer.at\/wp-content\/uploads\/2024\/05\/StipBierIllu02_2024_Etikett-NEU_small.jpg 696w\" sizes=\"auto, (max-width: 670px) 100vw, 670px\" \/><\/figure>\n\n\n\n<figure class=\"wp-block-gallery has-nested-images columns-default is-cropped wp-block-gallery-1 is-layout-flex wp-block-gallery-is-layout-flex\"><\/figure>\n\n\n\n<p><strong>Das STIPS Hell <\/strong><\/p>\n\n\n\n<p>ist ein Helles, wie man es auch aus dem bayrischen Raum sehr gut kennt. Ein Biertyp der aktuell sehr im Trend ist. Das \u201eSTIPS Hell\u201c ist jedoch nicht so leicht wie die aktuell am Markt &#8211; durch diverse Industriebrauereien gebraut \u2013 befindlichen Hellen. Mit einem Alkoholgehalt von 4,8%vol ein typisches, helles Bier wie man es von Lagerbieren kennt. Auch eine Stammw\u00fcrze von 11,9\u00b0 Plato, ist durchaus bekannt von Pils-, M\u00e4rzen- oder \u00e4hnlichen typisch \u00f6sterreichischen Bieren. Schon im Antrunk erkennt man die feine Getreides\u00fc\u00dfe die wie die pure Bierw\u00fcrze ein sch\u00f6nes, volles Mundgef\u00fchl bringt. Nicht zu vollmundig, aber auch nicht zu schlank kommt dieses Bier an den Gaumen. Die dezente, fein aromatisierte Hopfenbittere vom Cascade Aromahopfen, ist ebenso angenehm und ausgewogen wie der gesamte sensorische Eindruck des Bieres. Sch\u00f6ne Zitrus- und Beerennoten in der Nase zeigt sich schon vor dem ersten Schluck das Bier in seiner typischen hellen Farbe, welche die Frische des Bieres schon vorwegnimmt. Im Abgang wird der ausgewogene Gesamteindruck noch einmal von einer leichten Rests\u00fc\u00dfe und dezentem Hopfen untermalen.<\/p>\n\n\n\n<figure class=\"wp-block-image size-large\"><img loading=\"lazy\" decoding=\"async\" width=\"425\" height=\"1024\" src=\"http:\/\/www.gablitzer.at\/wp-content\/uploads\/2024\/04\/Stips_0.33_3D_160424-425x1024.png\" alt=\"\" class=\"wp-image-1553\" srcset=\"https:\/\/www.gablitzer.at\/wp-content\/uploads\/2024\/04\/Stips_0.33_3D_160424-425x1024.png 425w, https:\/\/www.gablitzer.at\/wp-content\/uploads\/2024\/04\/Stips_0.33_3D_160424-124x300.png 124w, https:\/\/www.gablitzer.at\/wp-content\/uploads\/2024\/04\/Stips_0.33_3D_160424-768x1853.png 768w, https:\/\/www.gablitzer.at\/wp-content\/uploads\/2024\/04\/Stips_0.33_3D_160424-637x1536.png 637w, https:\/\/www.gablitzer.at\/wp-content\/uploads\/2024\/04\/Stips_0.33_3D_160424-849x2048.png 849w, https:\/\/www.gablitzer.at\/wp-content\/uploads\/2024\/04\/Stips_0.33_3D_160424-1000x2412.png 1000w, https:\/\/www.gablitzer.at\/wp-content\/uploads\/2024\/04\/Stips_0.33_3D_160424-230x555.png 230w, https:\/\/www.gablitzer.at\/wp-content\/uploads\/2024\/04\/Stips_0.33_3D_160424-350x844.png 350w, https:\/\/www.gablitzer.at\/wp-content\/uploads\/2024\/04\/Stips_0.33_3D_160424-480x1158.png 480w, https:\/\/www.gablitzer.at\/wp-content\/uploads\/2024\/04\/Stips_0.33_3D_160424.png 1390w\" sizes=\"auto, (max-width: 425px) 100vw, 425px\" \/><\/figure>\n\n\n\n<p>Das STIPS wird es in der 0,33l Ale Einwegflasche geben, perfekt verpackt im 4er-Karton als Merchandise-Artikel bei allen Auftritten von Thomas Stipsits und nat\u00fcrlich auch online zu bestellen. In der 0,5L Euro Bier Flasche wird es das STIPS somit im Mehrweggebinde, und hier vorerst in der ausgesuchten Gastronomie, geben. Nat\u00fcrlich wird es auch vom Fass erh\u00e4ltlich sein, f\u00fcr alle Freunde von frisch gezapftem Bier.<\/p>\n\n\n\n<p>Noch mehr zu Thomas Stipsits, seiner Passion Bier zu brauen und unserem gemeinsamen Bier findet man <a href=\"https:\/\/www.stips.at\" data-type=\"link\" data-id=\"https:\/\/www.stips.at\" target=\"_blank\" rel=\"noreferrer noopener\">hier<\/a>.<\/p>\n\n\n\n<figure class=\"wp-block-image size-large is-resized\"><img loading=\"lazy\" decoding=\"async\" width=\"1024\" height=\"683\" src=\"https:\/\/www.gablitzer.at\/wp-content\/uploads\/2024\/04\/DSCF2403-1024x683.jpg\" alt=\"\" class=\"wp-image-1554\" style=\"width:303px;height:auto\" srcset=\"https:\/\/www.gablitzer.at\/wp-content\/uploads\/2024\/04\/DSCF2403-1024x683.jpg 1024w, https:\/\/www.gablitzer.at\/wp-content\/uploads\/2024\/04\/DSCF2403-300x200.jpg 300w, https:\/\/www.gablitzer.at\/wp-content\/uploads\/2024\/04\/DSCF2403-768x512.jpg 768w, https:\/\/www.gablitzer.at\/wp-content\/uploads\/2024\/04\/DSCF2403-1536x1024.jpg 1536w, https:\/\/www.gablitzer.at\/wp-content\/uploads\/2024\/04\/DSCF2403-2048x1365.jpg 2048w, https:\/\/www.gablitzer.at\/wp-content\/uploads\/2024\/04\/DSCF2403-1000x667.jpg 1000w, https:\/\/www.gablitzer.at\/wp-content\/uploads\/2024\/04\/DSCF2403-230x153.jpg 230w, https:\/\/www.gablitzer.at\/wp-content\/uploads\/2024\/04\/DSCF2403-350x233.jpg 350w, https:\/\/www.gablitzer.at\/wp-content\/uploads\/2024\/04\/DSCF2403-480x320.jpg 480w\" sizes=\"auto, (max-width: 1024px) 100vw, 1024px\" \/><\/figure>\n\n\n\n<figure class=\"wp-block-image size-large is-resized\"><img loading=\"lazy\" decoding=\"async\" width=\"683\" height=\"1024\" src=\"https:\/\/www.gablitzer.at\/wp-content\/uploads\/2024\/04\/DSCF2331-683x1024.jpg\" alt=\"\" class=\"wp-image-1555\" style=\"width:227px;height:auto\" srcset=\"https:\/\/www.gablitzer.at\/wp-content\/uploads\/2024\/04\/DSCF2331-683x1024.jpg 683w, https:\/\/www.gablitzer.at\/wp-content\/uploads\/2024\/04\/DSCF2331-200x300.jpg 200w, https:\/\/www.gablitzer.at\/wp-content\/uploads\/2024\/04\/DSCF2331-768x1152.jpg 768w, https:\/\/www.gablitzer.at\/wp-content\/uploads\/2024\/04\/DSCF2331-1024x1536.jpg 1024w, https:\/\/www.gablitzer.at\/wp-content\/uploads\/2024\/04\/DSCF2331-1365x2048.jpg 1365w, https:\/\/www.gablitzer.at\/wp-content\/uploads\/2024\/04\/DSCF2331-1000x1500.jpg 1000w, https:\/\/www.gablitzer.at\/wp-content\/uploads\/2024\/04\/DSCF2331-230x345.jpg 230w, https:\/\/www.gablitzer.at\/wp-content\/uploads\/2024\/04\/DSCF2331-350x525.jpg 350w, https:\/\/www.gablitzer.at\/wp-content\/uploads\/2024\/04\/DSCF2331-480x720.jpg 480w, https:\/\/www.gablitzer.at\/wp-content\/uploads\/2024\/04\/DSCF2331-scaled.jpg 1707w\" sizes=\"auto, (max-width: 683px) 100vw, 683px\" \/><\/figure>\n\n\n\n<figure class=\"wp-block-image size-large is-resized\"><img loading=\"lazy\" decoding=\"async\" width=\"1024\" height=\"683\" src=\"https:\/\/www.gablitzer.at\/wp-content\/uploads\/2024\/04\/DSCF2432-1024x683.jpg\" alt=\"\" class=\"wp-image-1556\" style=\"width:321px;height:auto\" srcset=\"https:\/\/www.gablitzer.at\/wp-content\/uploads\/2024\/04\/DSCF2432-1024x683.jpg 1024w, https:\/\/www.gablitzer.at\/wp-content\/uploads\/2024\/04\/DSCF2432-300x200.jpg 300w, https:\/\/www.gablitzer.at\/wp-content\/uploads\/2024\/04\/DSCF2432-768x512.jpg 768w, https:\/\/www.gablitzer.at\/wp-content\/uploads\/2024\/04\/DSCF2432-1536x1024.jpg 1536w, https:\/\/www.gablitzer.at\/wp-content\/uploads\/2024\/04\/DSCF2432-2048x1365.jpg 2048w, https:\/\/www.gablitzer.at\/wp-content\/uploads\/2024\/04\/DSCF2432-1000x667.jpg 1000w, https:\/\/www.gablitzer.at\/wp-content\/uploads\/2024\/04\/DSCF2432-230x153.jpg 230w, https:\/\/www.gablitzer.at\/wp-content\/uploads\/2024\/04\/DSCF2432-350x233.jpg 350w, https:\/\/www.gablitzer.at\/wp-content\/uploads\/2024\/04\/DSCF2432-480x320.jpg 480w\" sizes=\"auto, (max-width: 1024px) 100vw, 1024px\" \/><\/figure>\n\n\n\n<figure class=\"wp-block-image size-large is-resized\"><img loading=\"lazy\" decoding=\"async\" width=\"1024\" height=\"683\" src=\"https:\/\/www.gablitzer.at\/wp-content\/uploads\/2024\/04\/DSCF2417-1024x683.jpg\" alt=\"\" class=\"wp-image-1557\" style=\"width:321px;height:auto\" srcset=\"https:\/\/www.gablitzer.at\/wp-content\/uploads\/2024\/04\/DSCF2417-1024x683.jpg 1024w, https:\/\/www.gablitzer.at\/wp-content\/uploads\/2024\/04\/DSCF2417-300x200.jpg 300w, https:\/\/www.gablitzer.at\/wp-content\/uploads\/2024\/04\/DSCF2417-768x512.jpg 768w, https:\/\/www.gablitzer.at\/wp-content\/uploads\/2024\/04\/DSCF2417-1536x1024.jpg 1536w, https:\/\/www.gablitzer.at\/wp-content\/uploads\/2024\/04\/DSCF2417-2048x1365.jpg 2048w, https:\/\/www.gablitzer.at\/wp-content\/uploads\/2024\/04\/DSCF2417-1000x667.jpg 1000w, https:\/\/www.gablitzer.at\/wp-content\/uploads\/2024\/04\/DSCF2417-230x153.jpg 230w, https:\/\/www.gablitzer.at\/wp-content\/uploads\/2024\/04\/DSCF2417-350x233.jpg 350w, https:\/\/www.gablitzer.at\/wp-content\/uploads\/2024\/04\/DSCF2417-480x320.jpg 480w\" sizes=\"auto, (max-width: 1024px) 100vw, 1024px\" \/><\/figure>\n\n\n\n<p><\/p>\n","protected":false},"excerpt":{"rendered":"<p>Die sch\u00f6nsten Geschichten schreibt das Leben. Vorallem dann, wenn es um Bier geht. So haben sich vor Jahren, Thomas Stipsits und Markus [&hellip;]<\/p>\n","protected":false},"author":1,"featured_media":0,"parent":0,"menu_order":0,"comment_status":"closed","ping_status":"closed","template":"","meta":{"footnotes":""},"class_list":["post-1552","page","type-page","status-publish","hentry"],"_links":{"self":[{"href":"https:\/\/www.gablitzer.at\/index.php?rest_route=\/wp\/v2\/pages\/1552","targetHints":{"allow":["GET"]}}],"collection":[{"href":"https:\/\/www.gablitzer.at\/index.php?rest_route=\/wp\/v2\/pages"}],"about":[{"href":"https:\/\/www.gablitzer.at\/index.php?rest_route=\/wp\/v2\/types\/page"}],"author":[{"embeddable":true,"href":"https:\/\/www.gablitzer.at\/index.php?rest_route=\/wp\/v2\/users\/1"}],"replies":[{"embeddable":true,"href":"https:\/\/www.gablitzer.at\/index.php?rest_route=%2Fwp%2Fv2%2Fcomments&post=1552"}],"version-history":[{"count":10,"href":"https:\/\/www.gablitzer.at\/index.php?rest_route=\/wp\/v2\/pages\/1552\/revisions"}],"predecessor-version":[{"id":1689,"href":"https:\/\/www.gablitzer.at\/index.php?rest_route=\/wp\/v2\/pages\/1552\/revisions\/1689"}],"wp:attachment":[{"href":"https:\/\/www.gablitzer.at\/index.php?rest_route=%2Fwp%2Fv2%2Fmedia&parent=1552"}],"curies":[{"name":"wp","href":"https:\/\/api.w.org\/{rel}","templated":true}]}}