{"id":1427,"date":"2022-11-21T20:51:06","date_gmt":"2022-11-21T19:51:06","guid":{"rendered":"https:\/\/www.gablitzer.at\/?page_id=1427"},"modified":"2023-04-20T16:02:53","modified_gmt":"2023-04-20T14:02:53","slug":"bummzack-das-schlagzeugerbier","status":"publish","type":"page","link":"https:\/\/www.gablitzer.at\/?page_id=1427","title":{"rendered":"Bummzack &#8211; Das Schlagzeugerbier"},"content":{"rendered":"\n<figure class=\"wp-block-image size-large\"><img loading=\"lazy\" decoding=\"async\" width=\"289\" height=\"1024\" src=\"https:\/\/www.gablitzer.at\/wp-content\/uploads\/2022\/11\/Bummzack_freigestellt-289x1024.png\" alt=\"\" class=\"wp-image-1429\" srcset=\"https:\/\/www.gablitzer.at\/wp-content\/uploads\/2022\/11\/Bummzack_freigestellt-289x1024.png 289w, https:\/\/www.gablitzer.at\/wp-content\/uploads\/2022\/11\/Bummzack_freigestellt-85x300.png 85w, https:\/\/www.gablitzer.at\/wp-content\/uploads\/2022\/11\/Bummzack_freigestellt-768x2719.png 768w, https:\/\/www.gablitzer.at\/wp-content\/uploads\/2022\/11\/Bummzack_freigestellt-434x1536.png 434w, https:\/\/www.gablitzer.at\/wp-content\/uploads\/2022\/11\/Bummzack_freigestellt-578x2048.png 578w, https:\/\/www.gablitzer.at\/wp-content\/uploads\/2022\/11\/Bummzack_freigestellt-230x814.png 230w, https:\/\/www.gablitzer.at\/wp-content\/uploads\/2022\/11\/Bummzack_freigestellt-350x1239.png 350w, https:\/\/www.gablitzer.at\/wp-content\/uploads\/2022\/11\/Bummzack_freigestellt-480x1699.png 480w, https:\/\/www.gablitzer.at\/wp-content\/uploads\/2022\/11\/Bummzack_freigestellt.png 951w\" sizes=\"auto, (max-width: 289px) 100vw, 289px\" \/><\/figure>\n\n\n\n<p>Sascha Madsen von der deutschen Band &#8222;<a rel=\"noreferrer noopener\" href=\"https:\/\/www.madsenmusik.de\/\" data-type=\"URL\" data-id=\"https:\/\/www.madsenmusik.de\/\" target=\"_blank\">Madsen<\/a>&#8220; hat den Bierbrauer und Hobby-Schlagzeuger Markus F\u00fchrer beim Sud des &#8222;Deix&#8220; Bieres kennengelernt. Sie haben sich auf Anhieb gut verstanden und Sascha hat ihn zu seinem Podcast BummZack eingeladen.\u00a0<br>Sie sind dabei drauf gekommen, dass das Bier, das Markus braut, deshalb so gut ist, weil er beim Brauen oft Schlagzeug spielt und schon bald war klar, dass ein gemeinsames Projekt her muss: ein Bier, das regelm\u00e4\u00dfig mit Schlagzeug &#8222;bespielt&#8220; wird &#8211; und das nicht nur von Markus und Sascha sondern auch von befreundeten Schlagzeugern und Schlagzeugerinnen.<\/p>\n\n\n\n<p>Und wer das Bier bespielt, das seht Ihr <a href=\"https:\/\/www.bummzack.at\/das-bier\" target=\"_blank\" rel=\"noreferrer noopener\">hier<\/a>.<\/p>\n\n\n\n<p>Sascha wollte sein &#8222;Bummzack&#8220; gerne als herbes Pils. Also wurde es ein schlankes, s\u00fcffiges, gold-gelb strahlendes, unfiltriertes Pils mit sortentypischer Hopfenbittere vom Perle Aromahopfen aus dem M\u00fchlviertel. Pfeffrige Noten am Gaumen und ein feines Aroma von gr\u00fcnen Fr\u00fcchten in der Nase. Erfrischend mit angenehmen Mundgef\u00fchl und unaufdringlicher Karbonisierung. Im Glas sch\u00f6n opalisierend, gold-gelb mit feinporiger, wei\u00dfer Schaumkrone.<\/p>\n\n\n\n<h4 class=\"wp-block-heading\"><strong>Preis \/ Flasche:<\/strong><\/h4>\n\n\n\n<p>0,33L Einwegflasche mit Kronkork \u20ac 2,50<\/p>\n\n\n\n<p><a href=\"https:\/\/shop.gablitzer.at\/products\/egon-bohmisches-pils\" target=\"_blank\" rel=\"noreferrer noopener\">Hier<\/a> gleich online bestellen!<\/p>\n\n\n\n<h4 class=\"wp-block-heading\"><strong>Gebinde:<\/strong><\/h4>\n\n\n\n<p>6er-Tr\u00e4ger: \u20ac 15,00 zzgl. \u20ac 0,50 f\u00fcr den Karton-6er-Tr\u00e4ger<\/p>\n\n\n\n<p>24er Karton: \u20ac 60,00; Kiste zzgl. \u20ac 3,00 Leerkistenpfand<\/p>\n\n\n\n<p>20L Fass: \u20ac 95,00 zzgl. \u20ac 36,00 Fasspfand<\/p>\n\n\n\n<p><em>Die oben angef\u00fchrten Preise verstehen sich inkl. Biersteuer und Mwst.<\/em><\/p>\n","protected":false},"excerpt":{"rendered":"<p>Sascha Madsen von der deutschen Band &#8222;Madsen&#8220; hat den Bierbrauer und Hobby-Schlagzeuger Markus F\u00fchrer beim Sud des &#8222;Deix&#8220; Bieres kennengelernt. Sie haben [&hellip;]<\/p>\n","protected":false},"author":1,"featured_media":0,"parent":0,"menu_order":0,"comment_status":"closed","ping_status":"closed","template":"","meta":{"footnotes":""},"class_list":["post-1427","page","type-page","status-publish","hentry"],"_links":{"self":[{"href":"https:\/\/www.gablitzer.at\/index.php?rest_route=\/wp\/v2\/pages\/1427","targetHints":{"allow":["GET"]}}],"collection":[{"href":"https:\/\/www.gablitzer.at\/index.php?rest_route=\/wp\/v2\/pages"}],"about":[{"href":"https:\/\/www.gablitzer.at\/index.php?rest_route=\/wp\/v2\/types\/page"}],"author":[{"embeddable":true,"href":"https:\/\/www.gablitzer.at\/index.php?rest_route=\/wp\/v2\/users\/1"}],"replies":[{"embeddable":true,"href":"https:\/\/www.gablitzer.at\/index.php?rest_route=%2Fwp%2Fv2%2Fcomments&post=1427"}],"version-history":[{"count":4,"href":"https:\/\/www.gablitzer.at\/index.php?rest_route=\/wp\/v2\/pages\/1427\/revisions"}],"predecessor-version":[{"id":1509,"href":"https:\/\/www.gablitzer.at\/index.php?rest_route=\/wp\/v2\/pages\/1427\/revisions\/1509"}],"wp:attachment":[{"href":"https:\/\/www.gablitzer.at\/index.php?rest_route=%2Fwp%2Fv2%2Fmedia&parent=1427"}],"curies":[{"name":"wp","href":"https:\/\/api.w.org\/{rel}","templated":true}]}}