{"id":140,"date":"2014-08-27T21:16:52","date_gmt":"2014-08-27T19:16:52","guid":{"rendered":"http:\/\/www.gablitzer.at\/?page_id=140"},"modified":"2021-11-26T17:10:11","modified_gmt":"2021-11-26T16:10:11","slug":"kleinod-das-rosenbier","status":"publish","type":"page","link":"https:\/\/www.gablitzer.at\/?page_id=140","title":{"rendered":"Kleinod &#8211; Das Rosenbier"},"content":{"rendered":"<h3>Ab sofort wieder in einer kleinen, limitierten Auflage verf\u00fcgbar!<\/h3>\n<p><a href=\"http:\/\/www.gablitzer.at\/wp-content\/uploads\/2014\/08\/GB-03-KLEINOD16.png\"><img loading=\"lazy\" decoding=\"async\" class=\"alignleft size-medium wp-image-748\" src=\"http:\/\/www.gablitzer.at\/wp-content\/uploads\/2014\/08\/GB-03-KLEINOD16-82x300.png\" alt=\"GB 03 KLEINOD16\" width=\"82\" height=\"300\" srcset=\"https:\/\/www.gablitzer.at\/wp-content\/uploads\/2014\/08\/GB-03-KLEINOD16-82x300.png 82w, https:\/\/www.gablitzer.at\/wp-content\/uploads\/2014\/08\/GB-03-KLEINOD16-800x2913.png 800w, https:\/\/www.gablitzer.at\/wp-content\/uploads\/2014\/08\/GB-03-KLEINOD16-768x2796.png 768w, https:\/\/www.gablitzer.at\/wp-content\/uploads\/2014\/08\/GB-03-KLEINOD16-281x1024.png 281w, https:\/\/www.gablitzer.at\/wp-content\/uploads\/2014\/08\/GB-03-KLEINOD16.png 852w\" sizes=\"auto, (max-width: 82px) 100vw, 82px\" \/><\/a><\/p>\n<p>Stammw\u00fcrze: 11,8\u00b0<\/p>\n<p>Alc.: 4,8%vol<\/p>\n<p>Das&nbsp;Rosenbier entstand aus der Liebe meiner Frau zu Rosen. Auf der Suche nach dem perfekten &#8222;Kleinod&#8220; lag es nahe daher anl\u00e4sslich unseres Hochzeitstages ein Rosenbier zu kreieren. Ein aufwendig gewonnenes, 100% reines \u00e4therisches Rosen\u00f6l das aus der eigens gez\u00fcchteten, Damaszener&nbsp;Rose gewonnen wird, entwickelt mit dem der Rose sehr nahestehenden Lupulin des Hopfens eine besondere Symbiose. Das Ergebnis ist ein bet\u00f6rendes, rosenaromatisches Bier das zusammen mit dem hochwertigen Celeia Aromahopfen ein echter Genuss ist.<\/p>\n<h4><strong>Preis \/ Flasche:<\/strong><\/h4>\n<p>0,33L Einwegflasche mit Kronkork \u20ac 3,70<\/p>\n<p><a href=\"https:\/\/shop.gablitzer.at\/products\/kleinod-das-rosenbier\" target=\"_blank\" rel=\"noopener noreferrer\">Hier<\/a> gleich online bestellen!<\/p>\n<h4><\/h4>\n<h4><\/h4>\n<h4><strong>Gebinde:<\/strong><\/h4>\n<p>6er-Tr\u00e4ger 0,33L: \u20ac 22,20 zzgl. \u20ac 0,50 f\u00fcr den Karton-6er-Tr\u00e4ger<\/p>\n<p>24er Karton: 88,80; Kiste zzgl. \u20ac 3,00 Leerkistenpfand!<\/p>\n<p><em>Die oben angef\u00fchrten Preise verstehen sich inkl. Biersteuer und Mwst.<\/em><\/p>\n","protected":false},"excerpt":{"rendered":"<p>Ab sofort wieder in einer kleinen, limitierten Auflage verf\u00fcgbar! Stammw\u00fcrze: 11,8\u00b0 Alc.: 4,8%vol Das&nbsp;Rosenbier entstand aus der Liebe meiner Frau zu Rosen. [&hellip;]<\/p>\n","protected":false},"author":1,"featured_media":0,"parent":11,"menu_order":0,"comment_status":"closed","ping_status":"open","template":"","meta":{"footnotes":""},"class_list":["post-140","page","type-page","status-publish","hentry"],"_links":{"self":[{"href":"https:\/\/www.gablitzer.at\/index.php?rest_route=\/wp\/v2\/pages\/140","targetHints":{"allow":["GET"]}}],"collection":[{"href":"https:\/\/www.gablitzer.at\/index.php?rest_route=\/wp\/v2\/pages"}],"about":[{"href":"https:\/\/www.gablitzer.at\/index.php?rest_route=\/wp\/v2\/types\/page"}],"author":[{"embeddable":true,"href":"https:\/\/www.gablitzer.at\/index.php?rest_route=\/wp\/v2\/users\/1"}],"replies":[{"embeddable":true,"href":"https:\/\/www.gablitzer.at\/index.php?rest_route=%2Fwp%2Fv2%2Fcomments&post=140"}],"version-history":[{"count":20,"href":"https:\/\/www.gablitzer.at\/index.php?rest_route=\/wp\/v2\/pages\/140\/revisions"}],"predecessor-version":[{"id":1329,"href":"https:\/\/www.gablitzer.at\/index.php?rest_route=\/wp\/v2\/pages\/140\/revisions\/1329"}],"up":[{"embeddable":true,"href":"https:\/\/www.gablitzer.at\/index.php?rest_route=\/wp\/v2\/pages\/11"}],"wp:attachment":[{"href":"https:\/\/www.gablitzer.at\/index.php?rest_route=%2Fwp%2Fv2%2Fmedia&parent=140"}],"curies":[{"name":"wp","href":"https:\/\/api.w.org\/{rel}","templated":true}]}}