{"id":11,"date":"2014-07-22T23:51:18","date_gmt":"2014-07-22T21:51:18","guid":{"rendered":"http:\/\/www.gablitzer.at\/?page_id=11"},"modified":"2024-04-21T19:04:51","modified_gmt":"2024-04-21T17:04:51","slug":"sorten","status":"publish","type":"page","link":"https:\/\/www.gablitzer.at\/?page_id=11","title":{"rendered":"Sorten\/Preise"},"content":{"rendered":"<p><strong>Alle Biere nat\u00fcrlich hergestellt!<\/strong><\/p>\n<p>Unsere\u00a0Biere\u00a0werden werden g\u00e4nzlich ohne\u00a0Pasteurisierung und Filtration hergestellt. Damit bleiben alle wertvollen Vitamine, Eiwei\u00dfe und Spurenelemente im Bier enthalten.<\/p>\n<p>Bier braucht Zeit. Daher verzichten wir bei allen Sorten darauf, diese m\u00f6glichst rasch in den Verkauf zu bringen, sondern lassen dem Bier die ausreichende Reifezeit. Die ist von Bier zu Bier\u00a0verschieden und\u00a0betr\u00e4gt mindestens 6 Wochen. Bei besonders gehaltvollen Bieren kann diese auch bis zu einem halben Jahr oder l\u00e4nger betragen.<\/p>\n<p>Unser j\u00fcngstes und sicher eines meiner liebsten Biere:<\/p>\n<ul>\n<li><a title=\"Bernstein M\u00e4rzen\" href=\"https:\/\/www.gablitzer.at\/?page_id=1561\" target=\"_blank\" rel=\"noopener noreferrer\">Stips<\/a><\/li>\n<\/ul>\n<p><strong>Die unterg\u00e4rigen Klassiker!<\/strong><\/p>\n<p>Das ganze\u00a0Jahr \u00fcber\u00a0verf\u00fcgbar und immer gerne getrunken.<\/p>\n<ul>\n<li><a title=\"Bernstein M\u00e4rzen\" href=\"http:\/\/www.gablitzer.at\/?page_id=66\" target=\"_blank\" rel=\"noopener noreferrer\">Bernstein M\u00e4rzen<\/a><\/li>\n<li><a title=\"B\u00f6hmisches Pils\" href=\"http:\/\/www.gablitzer.at\/?page_id=57\" target=\"_blank\" rel=\"noopener noreferrer\">Original\u00a0&#8211; B\u00f6hmisches Pils<\/a><\/li>\n<li><a title=\"Wiener Lager\" href=\"http:\/\/www.gablitzer.at\/?page_id=62\" target=\"_blank\" rel=\"noopener noreferrer\">Wiener Lager<\/a><\/li>\n<li><a href=\"http:\/\/www.gablitzer.at\/?page_id=759\" target=\"_blank\" rel=\"noopener noreferrer\">Kellerbier &#8211; Zwickl<\/a><\/li>\n<li><a href=\"http:\/\/www.gablitzer.at\/?page_id=482\" target=\"_blank\" rel=\"noopener noreferrer\">Egon Schiele<\/a><\/li>\n<\/ul>\n<p><strong>Die Spezialit\u00e4ten!<\/strong><\/p>\n<p>Das Herz des Brauers schl\u00e4gt f\u00fcr die kreativen Eigenkreationen oder den Sud internationaler Bierspezialit\u00e4ten. Aus reiner Liebhaberei und Freude am experimentieren wurden die beiden Spezialit\u00e4ten, das Whiskey Stout und das Gablitzer Kleinod &#8211; Mein &#8222;Rosenbier&#8220;\u00a0&#8211; geschaffen.<\/p>\n<ul>\n<li><a title=\"Whiskey Stout\" href=\"http:\/\/www.gablitzer.at\/?page_id=68\">Whiskey Stout<\/a><\/li>\n<li><a title=\"Kleinod \u2013 Das Rosenbier\" href=\"http:\/\/www.gablitzer.at\/?page_id=140\">Das Kleinod &#8211; Rosenbier<\/a><\/li>\n<\/ul>\n<p><strong>Saisonale Sorten:<\/strong><\/p>\n<p>Je nach Saison wird es immer wieder verschiedene Spezialit\u00e4ten geben, fix zur jeweiligen Saison passend haben wir den Winter- und den Fr\u00fchlingsbock im Sortiment. Und wenn der Krampus auch einmal den gro\u00dfen &#8222;Kindern&#8220; ein Geschenk bringen will, dann wird er wohl wieder den &#8222;B\u00f6sen- oder Krampus-Bock&#8220; einbrauen lassen!<\/p>\n<p>P\u00fcnktlich zur Wintersonnenwende hat man schon bei den Kelten Bier getrunken. Warum sollte es dann nicht auch heute noch das nach dem alten Keltentrunk benannte &#8222;Corma&#8220; passend zur Wintersonnenwende geben?<\/p>\n<ul>\n<li><a title=\"Krampusbock\" href=\"http:\/\/www.gablitzer.at\/?page_id=72\">B\u00f6ser Bock<\/a><\/li>\n<li><a title=\"Corma \u2013 Der Keltentrunk\" href=\"http:\/\/www.gablitzer.at\/?page_id=127\">Corma &#8211; Der Keltentrunk<\/a><\/li>\n<li><a href=\"http:\/\/www.gablitzer.at\/?page_id=238\" target=\"_blank\" rel=\"noopener noreferrer\">Festbier<\/a><\/li>\n<li><a title=\"Corma \u2013 Der Keltentrunk\" href=\"https:\/\/www.gablitzer.at\/?page_id=1476\">Hopfenbrise<\/a><\/li>\n<li><a title=\"IMMENGOLD \u2013 Der Honigbock\" href=\"http:\/\/www.gablitzer.at\/?page_id=540\">Immengold &#8211; Der Honigbock<\/a><\/li>\n<li><a title=\"Winterbock\" href=\"http:\/\/www.gablitzer.at\/?page_id=70\">Winterbock<\/a><\/li>\n<\/ul>\n","protected":false},"excerpt":{"rendered":"<p>Alle Biere nat\u00fcrlich hergestellt! Unsere\u00a0Biere\u00a0werden werden g\u00e4nzlich ohne\u00a0Pasteurisierung und Filtration hergestellt. Damit bleiben alle wertvollen Vitamine, Eiwei\u00dfe und Spurenelemente im Bier enthalten. [&hellip;]<\/p>\n","protected":false},"author":1,"featured_media":0,"parent":0,"menu_order":1,"comment_status":"closed","ping_status":"open","template":"","meta":{"footnotes":""},"class_list":["post-11","page","type-page","status-publish","hentry"],"_links":{"self":[{"href":"https:\/\/www.gablitzer.at\/index.php?rest_route=\/wp\/v2\/pages\/11","targetHints":{"allow":["GET"]}}],"collection":[{"href":"https:\/\/www.gablitzer.at\/index.php?rest_route=\/wp\/v2\/pages"}],"about":[{"href":"https:\/\/www.gablitzer.at\/index.php?rest_route=\/wp\/v2\/types\/page"}],"author":[{"embeddable":true,"href":"https:\/\/www.gablitzer.at\/index.php?rest_route=\/wp\/v2\/users\/1"}],"replies":[{"embeddable":true,"href":"https:\/\/www.gablitzer.at\/index.php?rest_route=%2Fwp%2Fv2%2Fcomments&post=11"}],"version-history":[{"count":20,"href":"https:\/\/www.gablitzer.at\/index.php?rest_route=\/wp\/v2\/pages\/11\/revisions"}],"predecessor-version":[{"id":1564,"href":"https:\/\/www.gablitzer.at\/index.php?rest_route=\/wp\/v2\/pages\/11\/revisions\/1564"}],"wp:attachment":[{"href":"https:\/\/www.gablitzer.at\/index.php?rest_route=%2Fwp%2Fv2%2Fmedia&parent=11"}],"curies":[{"name":"wp","href":"https:\/\/api.w.org\/{rel}","templated":true}]}}